{"id":123,"date":"2025-07-25T09:37:16","date_gmt":"2025-07-25T07:37:16","guid":{"rendered":"http:\/\/139.84.233.196\/acbf.org\/?page_id=123"},"modified":"2026-04-03T17:20:51","modified_gmt":"2026-04-03T15:20:51","slug":"whistle-blowing","status":"publish","type":"page","link":"https:\/\/acbf.quatrohaus.com\/fr\/whistle-blowing\/","title":{"rendered":"D\u00e9nonciation"},"content":{"rendered":"<div class=\"wp-block-columns is-layout-flex wp-container-core-columns-is-layout-9d6595d7 wp-block-columns-is-layout-flex\">\n<div class=\"wp-block-column is-layout-flow wp-block-column-is-layout-flow\">\n<h3 class=\"wp-block-heading\">Des questions ?<\/h3>\n\n\n\n<h3 class=\"wp-block-heading is-style-border-botton-green\">Nous vous avons !<\/h3>\n\n\n\n<p><br>Trouvez des r\u00e9ponses d\u00e9taill\u00e9es pour vous aider \u00e0 mieux comprendre comment nous travaillons et comment vous pouvez vous engager.<\/p>\n<\/div>\n<\/div>\n\n\n\n<div class=\"wp-block-columns is-layout-flex wp-container-core-columns-is-layout-9d6595d7 wp-block-columns-is-layout-flex\">\n<div class=\"wp-block-column is-layout-flow wp-block-column-is-layout-flow\">\n<div class=\"wp-block-esab-accordion esab-ximdft3j\" data-mode=\"global\"><div class=\"esab__container\">\n<div class=\"wp-block-esab-accordion-child\"><div class=\"esab__head\" role=\"button\" aria-expanded=\"false\"><div class=\"esab__heading_txt\"><p class=\"esab__heading_tag\">Qu'est-ce que la d\u00e9nonciation?<\/p><\/div><div class=\"esab__icon\"><div class=\"esab__collapse\"> <svg version=\"1.2\" viewbox=\"0 0 24 24\" width=\"24\" height=\"24\"><path fill-rule=\"evenodd\" d=\"m3.5 20.5c-4.7-4.7-4.7-12.3 0-17 4.7-4.7 12.3-4.7 17 0 4.6 4.7 4.6 12.3 0 17-4.7 4.6-12.3 4.6-17 0zm0.9-0.9c4.2 4.2 11 4.2 15.2 0 4.2-4.2 4.2-11 0-15.2-4.2-4.3-11-4.3-15.2 0-4.3 4.2-4.3 11 0 15.2z\"><\/path><path d=\"m11.4 15.9v-3.3h-3.3c-0.3 0-0.6-0.3-0.6-0.6 0-0.4 0.3-0.6 0.6-0.6h3.3v-3.3c0-0.3 0.3-0.6 0.6-0.6 0.3 0 0.6 0.3 0.6 0.6v3.3h3.3c0.3 0 0.6 0.2 0.6 0.6q0 0.2-0.2 0.4-0.2 0.2-0.4 0.2h-3.3v3.3q0 0.2-0.2 0.4-0.2 0.2-0.4 0.2c-0.4 0-0.6-0.3-0.6-0.6z\"><\/path><\/svg> <\/div><div class=\"esab__expand\"> <svg version=\"1.2\" viewbox=\"0 0 24 24\" width=\"24\" height=\"24\"><path fill-rule=\"evenodd\" d=\"m12 24c-6.6 0-12-5.4-12-12 0-6.6 5.4-12 12-12 6.6 0 12 5.4 12 12 0 6.6-5.4 12-12 12zm10.6-12c0-5.9-4.7-10.6-10.6-10.6-5.9 0-10.6 4.7-10.6 10.6 0 5.9 4.7 10.6 10.6 10.6 5.9 0 10.6-4.7 10.6-10.6z\"><\/path><path d=\"m5.6 11.3h12.8v1.4h-12.8z\"><\/path><\/svg> <\/div><\/div><\/div><div class=\"esab__body\">\n<p>La d\u00e9nonciation consiste \u00e0 signaler tout incident av\u00e9r\u00e9 ou pr\u00e9sum\u00e9 de fraude, de corruption ou de malversation concernant les activit\u00e9s et op\u00e9rations financ\u00e9es par l'ACBF, en contactant la Fondation de mani\u00e8re anonyme ou ouverte via le syst\u00e8me confidentiel \u00e9tabli. Ces notifications sont r\u00e9gies par la Politique de pr\u00e9vention de la fraude et de la corruption, qui souligne que \u00ab l'ACBF s'engage \u00e0 promouvoir et \u00e0 respecter les normes les plus strictes de probit\u00e9 et de responsabilit\u00e9 dans l'utilisation des ressources publiques et adopte une politique de tol\u00e9rance z\u00e9ro \u00e0 l'\u00e9gard des cas de fraude et de corruption dans les activit\u00e9s et op\u00e9rations financ\u00e9es par l'ACBF \u00bb.<br>Notification of incidents on fraud, corruption and malpractice may come from ACBF personnel, grantees and their personnel or other external parties. ACBF personnel have the obligation to disclose any fraud or corruption that comes to their attention immediately but in any event not later than seven (7) days after becoming aware of the fraud or corruption.<\/p>\n<\/div><\/div>\n\n\n\n<div class=\"wp-block-esab-accordion-child\"><div class=\"esab__head\" role=\"button\" aria-expanded=\"false\"><div class=\"esab__heading_txt\"><p class=\"esab__heading_tag\">Qui enqu\u00eate sur les probl\u00e8mes soulev\u00e9s par le biais du syst\u00e8me de d\u00e9nonciation ?<\/p><\/div><div class=\"esab__icon\"><div class=\"esab__collapse\"> <svg version=\"1.2\" viewbox=\"0 0 24 24\" width=\"24\" height=\"24\"><path fill-rule=\"evenodd\" d=\"m3.5 20.5c-4.7-4.7-4.7-12.3 0-17 4.7-4.7 12.3-4.7 17 0 4.6 4.7 4.6 12.3 0 17-4.7 4.6-12.3 4.6-17 0zm0.9-0.9c4.2 4.2 11 4.2 15.2 0 4.2-4.2 4.2-11 0-15.2-4.2-4.3-11-4.3-15.2 0-4.3 4.2-4.3 11 0 15.2z\"><\/path><path d=\"m11.4 15.9v-3.3h-3.3c-0.3 0-0.6-0.3-0.6-0.6 0-0.4 0.3-0.6 0.6-0.6h3.3v-3.3c0-0.3 0.3-0.6 0.6-0.6 0.3 0 0.6 0.3 0.6 0.6v3.3h3.3c0.3 0 0.6 0.2 0.6 0.6q0 0.2-0.2 0.4-0.2 0.2-0.4 0.2h-3.3v3.3q0 0.2-0.2 0.4-0.2 0.2-0.4 0.2c-0.4 0-0.6-0.3-0.6-0.6z\"><\/path><\/svg> <\/div><div class=\"esab__expand\"> <svg version=\"1.2\" viewbox=\"0 0 24 24\" width=\"24\" height=\"24\"><path fill-rule=\"evenodd\" d=\"m12 24c-6.6 0-12-5.4-12-12 0-6.6 5.4-12 12-12 6.6 0 12 5.4 12 12 0 6.6-5.4 12-12 12zm10.6-12c0-5.9-4.7-10.6-10.6-10.6-5.9 0-10.6 4.7-10.6 10.6 0 5.9 4.7 10.6 10.6 10.6 5.9 0 10.6-4.7 10.6-10.6z\"><\/path><path d=\"m5.6 11.3h12.8v1.4h-12.8z\"><\/path><\/svg> <\/div><\/div><\/div><div class=\"esab__body\">\n<p>Les signalements font l'objet d'une enqu\u00eate men\u00e9e par le D\u00e9partement d'audit interne (DAI) de l'ACBF. Afin de pr\u00e9server son ind\u00e9pendance organisationnelle et de garantir l'objectivit\u00e9 de ses travaux, le D\u00e9partement d'audit interne rend compte directement au Comit\u00e9 d'audit et des risques (CAR) du Conseil d'administration et, administrativement, au Secr\u00e9taire ex\u00e9cutif de l'ACBF.<\/p>\n\n\n\n<p>En fonction de la gravit\u00e9 et de la complexit\u00e9 du cas signal\u00e9 et de la d\u00e9cision du Comit\u00e9 d\u2019audit et des risques, une enqu\u00eate peut \u00e9galement \u00eatre men\u00e9e par un consultant\/enqu\u00eateur ind\u00e9pendant.<\/p>\n<\/div><\/div>\n\n\n\n<div class=\"wp-block-esab-accordion-child\"><div class=\"esab__head\" role=\"button\" aria-expanded=\"false\"><div class=\"esab__heading_txt\"><p class=\"esab__heading_tag\">Comment signaler de tels probl\u00e8mes \u00e0 l'ACBF ?<\/p><\/div><div class=\"esab__icon\"><div class=\"esab__collapse\"> <svg version=\"1.2\" viewbox=\"0 0 24 24\" width=\"24\" height=\"24\"><path fill-rule=\"evenodd\" d=\"m3.5 20.5c-4.7-4.7-4.7-12.3 0-17 4.7-4.7 12.3-4.7 17 0 4.6 4.7 4.6 12.3 0 17-4.7 4.6-12.3 4.6-17 0zm0.9-0.9c4.2 4.2 11 4.2 15.2 0 4.2-4.2 4.2-11 0-15.2-4.2-4.3-11-4.3-15.2 0-4.3 4.2-4.3 11 0 15.2z\"><\/path><path d=\"m11.4 15.9v-3.3h-3.3c-0.3 0-0.6-0.3-0.6-0.6 0-0.4 0.3-0.6 0.6-0.6h3.3v-3.3c0-0.3 0.3-0.6 0.6-0.6 0.3 0 0.6 0.3 0.6 0.6v3.3h3.3c0.3 0 0.6 0.2 0.6 0.6q0 0.2-0.2 0.4-0.2 0.2-0.4 0.2h-3.3v3.3q0 0.2-0.2 0.4-0.2 0.2-0.4 0.2c-0.4 0-0.6-0.3-0.6-0.6z\"><\/path><\/svg> <\/div><div class=\"esab__expand\"> <svg version=\"1.2\" viewbox=\"0 0 24 24\" width=\"24\" height=\"24\"><path fill-rule=\"evenodd\" d=\"m12 24c-6.6 0-12-5.4-12-12 0-6.6 5.4-12 12-12 6.6 0 12 5.4 12 12 0 6.6-5.4 12-12 12zm10.6-12c0-5.9-4.7-10.6-10.6-10.6-5.9 0-10.6 4.7-10.6 10.6 0 5.9 4.7 10.6 10.6 10.6 5.9 0 10.6-4.7 10.6-10.6z\"><\/path><path d=\"m5.6 11.3h12.8v1.4h-12.8z\"><\/path><\/svg> <\/div><\/div><\/div><div class=\"esab__body\">\n<p>L'ACBF dispose d'une adresse e-mail s\u00e9curis\u00e9e pour recevoir les signalements de d\u00e9nonciation, g\u00e9r\u00e9e directement par le responsable de l'audit interne de l'ACBF. Adresse e-mail\u00a0:&nbsp;<a href=\"https:\/\/10.10.10.43\/owa\/redir.aspx?C=fc481aae1c5c4f22acdb622c7b767167&amp;URL=mailto%3aIAD%40acbf-pact.org\" target=\"_blank\" rel=\"noreferrer noopener\">&nbsp;<\/a><a href=\"mailto:IAD@acbf-pact.org\">IAD@acbf-pact.org.&nbsp;<\/a>Cette adresse e-mail est prot\u00e9g\u00e9e contre les robots spammeurs.<\/p>\n<\/div><\/div>\n\n\n\n<div class=\"wp-block-esab-accordion-child\"><div class=\"esab__head\" role=\"button\" aria-expanded=\"false\"><div class=\"esab__heading_txt\"><p class=\"esab__heading_tag\">Comment l'ACBF g\u00e8re-t-elle les plaintes des lanceurs d'alerte ?<\/p><\/div><div class=\"esab__icon\"><div class=\"esab__collapse\"> <svg version=\"1.2\" viewbox=\"0 0 24 24\" width=\"24\" height=\"24\"><path fill-rule=\"evenodd\" d=\"m3.5 20.5c-4.7-4.7-4.7-12.3 0-17 4.7-4.7 12.3-4.7 17 0 4.6 4.7 4.6 12.3 0 17-4.7 4.6-12.3 4.6-17 0zm0.9-0.9c4.2 4.2 11 4.2 15.2 0 4.2-4.2 4.2-11 0-15.2-4.2-4.3-11-4.3-15.2 0-4.3 4.2-4.3 11 0 15.2z\"><\/path><path d=\"m11.4 15.9v-3.3h-3.3c-0.3 0-0.6-0.3-0.6-0.6 0-0.4 0.3-0.6 0.6-0.6h3.3v-3.3c0-0.3 0.3-0.6 0.6-0.6 0.3 0 0.6 0.3 0.6 0.6v3.3h3.3c0.3 0 0.6 0.2 0.6 0.6q0 0.2-0.2 0.4-0.2 0.2-0.4 0.2h-3.3v3.3q0 0.2-0.2 0.4-0.2 0.2-0.4 0.2c-0.4 0-0.6-0.3-0.6-0.6z\"><\/path><\/svg> <\/div><div class=\"esab__expand\"> <svg version=\"1.2\" viewbox=\"0 0 24 24\" width=\"24\" height=\"24\"><path fill-rule=\"evenodd\" d=\"m12 24c-6.6 0-12-5.4-12-12 0-6.6 5.4-12 12-12 6.6 0 12 5.4 12 12 0 6.6-5.4 12-12 12zm10.6-12c0-5.9-4.7-10.6-10.6-10.6-5.9 0-10.6 4.7-10.6 10.6 0 5.9 4.7 10.6 10.6 10.6 5.9 0 10.6-4.7 10.6-10.6z\"><\/path><path d=\"m5.6 11.3h12.8v1.4h-12.8z\"><\/path><\/svg> <\/div><\/div><\/div><div class=\"esab__body\">\n<p>Conform\u00e9ment au protocole de distribution des plaintes des d\u00e9nonciateurs de l'ACBF, tout rapport re\u00e7u via le syst\u00e8me de d\u00e9nonciation doit \u00eatre transmis \u00e0 :<\/p>\n\n\n\n<ol class=\"wp-block-list\">\n<li>Le pr\u00e9sident du Comit\u00e9 d'audit et des risques (ARC) du Conseil d'administration si la plainte concerne les membres du Conseil d'administration de l'ACBF ou le Secr\u00e9taire ex\u00e9cutif.<\/li>\n\n\n\n<li>Chef du d\u00e9partement d'audit interne si la plainte concerne la direction de l'ACBF, les membres du personnel de l'ACBF (\u00e0 l'exclusion du personnel d'audit interne) et les consultants employ\u00e9s par l'ACBF.<\/li>\n\n\n\n<li>Le pr\u00e9sident de l'ARC si la plainte concerne le personnel d'audit interne de l'ACBF, y compris le chef du d\u00e9partement.<\/li>\n\n\n\n<li>Chef du d\u00e9partement d'audit interne si la plainte concerne les b\u00e9n\u00e9ficiaires, les sous-b\u00e9n\u00e9ficiaires et les affili\u00e9s de l'ACBF ainsi que leur direction et leur personnel.<\/li>\n<\/ol>\n\n\n\n<p>Le Secr\u00e9taire ex\u00e9cutif de l'ACBF est inform\u00e9 des incidents signal\u00e9s concernant la direction de l'ACBF, le personnel de l'ACBF ainsi que les b\u00e9n\u00e9ficiaires, les sous-b\u00e9n\u00e9ficiaires et les affili\u00e9s de l'ACBF.<\/p>\n<\/div><\/div>\n\n\n\n<div class=\"wp-block-esab-accordion-child\"><div class=\"esab__head\" role=\"button\" aria-expanded=\"false\"><div class=\"esab__heading_txt\"><p class=\"esab__heading_tag\">Qui enqu\u00eate sur les probl\u00e8mes soulev\u00e9s par le biais du syst\u00e8me de d\u00e9nonciation ?<\/p><\/div><div class=\"esab__icon\"><div class=\"esab__collapse\"> <svg version=\"1.2\" viewbox=\"0 0 24 24\" width=\"24\" height=\"24\"><path fill-rule=\"evenodd\" d=\"m3.5 20.5c-4.7-4.7-4.7-12.3 0-17 4.7-4.7 12.3-4.7 17 0 4.6 4.7 4.6 12.3 0 17-4.7 4.6-12.3 4.6-17 0zm0.9-0.9c4.2 4.2 11 4.2 15.2 0 4.2-4.2 4.2-11 0-15.2-4.2-4.3-11-4.3-15.2 0-4.3 4.2-4.3 11 0 15.2z\"><\/path><path d=\"m11.4 15.9v-3.3h-3.3c-0.3 0-0.6-0.3-0.6-0.6 0-0.4 0.3-0.6 0.6-0.6h3.3v-3.3c0-0.3 0.3-0.6 0.6-0.6 0.3 0 0.6 0.3 0.6 0.6v3.3h3.3c0.3 0 0.6 0.2 0.6 0.6q0 0.2-0.2 0.4-0.2 0.2-0.4 0.2h-3.3v3.3q0 0.2-0.2 0.4-0.2 0.2-0.4 0.2c-0.4 0-0.6-0.3-0.6-0.6z\"><\/path><\/svg> <\/div><div class=\"esab__expand\"> <svg version=\"1.2\" viewbox=\"0 0 24 24\" width=\"24\" height=\"24\"><path fill-rule=\"evenodd\" d=\"m12 24c-6.6 0-12-5.4-12-12 0-6.6 5.4-12 12-12 6.6 0 12 5.4 12 12 0 6.6-5.4 12-12 12zm10.6-12c0-5.9-4.7-10.6-10.6-10.6-5.9 0-10.6 4.7-10.6 10.6 0 5.9 4.7 10.6 10.6 10.6 5.9 0 10.6-4.7 10.6-10.6z\"><\/path><path d=\"m5.6 11.3h12.8v1.4h-12.8z\"><\/path><\/svg> <\/div><\/div><\/div><div class=\"esab__body\">\n<p>Les signalements font l'objet d'une enqu\u00eate men\u00e9e par le D\u00e9partement d'audit interne (DAI) de l'ACBF. Afin de pr\u00e9server son ind\u00e9pendance organisationnelle et de garantir l'objectivit\u00e9 de ses travaux, le D\u00e9partement d'audit interne rend compte directement au Comit\u00e9 d'audit et des risques (CAR) du Conseil d'administration et, administrativement, au Secr\u00e9taire ex\u00e9cutif de l'ACBF.<\/p>\n\n\n\n<p>En fonction de la gravit\u00e9 et de la complexit\u00e9 du cas signal\u00e9 et de la d\u00e9cision du Comit\u00e9 d\u2019audit et des risques, une enqu\u00eate peut \u00e9galement \u00eatre men\u00e9e par un consultant\/enqu\u00eateur ind\u00e9pendant.<\/p>\n<\/div><\/div>\n\n\n\n<div class=\"wp-block-esab-accordion-child\"><div class=\"esab__head\" role=\"button\" aria-expanded=\"false\"><div class=\"esab__heading_txt\"><p class=\"esab__heading_tag\">Quelles sont les proc\u00e9dures suivies lors d\u2019une enqu\u00eate sur une plainte d\u2019un lanceur d\u2019alerte ?<\/p><\/div><div class=\"esab__icon\"><div class=\"esab__collapse\"> <svg version=\"1.2\" viewbox=\"0 0 24 24\" width=\"24\" height=\"24\"><path fill-rule=\"evenodd\" d=\"m3.5 20.5c-4.7-4.7-4.7-12.3 0-17 4.7-4.7 12.3-4.7 17 0 4.6 4.7 4.6 12.3 0 17-4.7 4.6-12.3 4.6-17 0zm0.9-0.9c4.2 4.2 11 4.2 15.2 0 4.2-4.2 4.2-11 0-15.2-4.2-4.3-11-4.3-15.2 0-4.3 4.2-4.3 11 0 15.2z\"><\/path><path d=\"m11.4 15.9v-3.3h-3.3c-0.3 0-0.6-0.3-0.6-0.6 0-0.4 0.3-0.6 0.6-0.6h3.3v-3.3c0-0.3 0.3-0.6 0.6-0.6 0.3 0 0.6 0.3 0.6 0.6v3.3h3.3c0.3 0 0.6 0.2 0.6 0.6q0 0.2-0.2 0.4-0.2 0.2-0.4 0.2h-3.3v3.3q0 0.2-0.2 0.4-0.2 0.2-0.4 0.2c-0.4 0-0.6-0.3-0.6-0.6z\"><\/path><\/svg> <\/div><div class=\"esab__expand\"> <svg version=\"1.2\" viewbox=\"0 0 24 24\" width=\"24\" height=\"24\"><path fill-rule=\"evenodd\" d=\"m12 24c-6.6 0-12-5.4-12-12 0-6.6 5.4-12 12-12 6.6 0 12 5.4 12 12 0 6.6-5.4 12-12 12zm10.6-12c0-5.9-4.7-10.6-10.6-10.6-5.9 0-10.6 4.7-10.6 10.6 0 5.9 4.7 10.6 10.6 10.6 5.9 0 10.6-4.7 10.6-10.6z\"><\/path><path d=\"m5.6 11.3h12.8v1.4h-12.8z\"><\/path><\/svg> <\/div><\/div><\/div><div class=\"esab__body\">\n<p>Une fois le signalement re\u00e7u via le syst\u00e8me, il est transmis dans les 48 heures suivant sa r\u00e9ception au pr\u00e9sident du Comit\u00e9 de r\u00e9vision des comptes (CRC) ou au chef du service d'audit interne. Par la suite\u00a0:<\/p>\n\n\n\n<p>Si la corruption, la fraude ou la mauvaise administration sont av\u00e9r\u00e9es, l\u2019ACBF invoquera les sanctions n\u00e9cessaires conform\u00e9ment aux r\u00e8gles, r\u00e8glements et proc\u00e9dures de la Fondation.<\/p>\n\n\n\n<p>Une notification est envoy\u00e9e au lanceur d\u2019alerte accusant r\u00e9ception du signalement.<\/p>\n\n\n\n<p>Le cas est analys\u00e9 afin de d\u00e9terminer s'il rel\u00e8ve du mandat de l'ACBF. Dans le cas contraire, il peut \u00eatre transmis \u00e0 une organisation externe comp\u00e9tente et une notification est envoy\u00e9e au lanceur d'alerte.<\/p>\n\n\n\n<p>Si l\u2019affaire rel\u00e8ve du mandat de l\u2019ACBF, une \u00e9valuation pr\u00e9liminaire est entreprise pour d\u00e9terminer s\u2019il existe des motifs suffisants pour justifier une enqu\u00eate compl\u00e8te.<\/p>\n\n\n\n<p>\u00c0 l\u2019issue de l\u2019enqu\u00eate n\u00e9cessaire par le biais d\u2019une \u00e9tude documentaire et\/ou d\u2019un travail de terrain, un rapport est soumis au Comit\u00e9 d\u2019audit et des risques du Conseil ex\u00e9cutif et au Secr\u00e9taire ex\u00e9cutif.<\/p>\n\n\n\n<p>Le r\u00e9sum\u00e9 des r\u00e9sultats de l\u2019enqu\u00eate est \u00e9galement partag\u00e9 avec le lanceur d\u2019alerte.<\/p>\n<\/div><\/div>\n\n\n\n<div class=\"wp-block-esab-accordion-child\"><div class=\"esab__head\" role=\"button\" aria-expanded=\"false\"><div class=\"esab__heading_txt\"><p class=\"esab__heading_tag\">Quelle est la protection du lanceur d\u2019alerte contre les repr\u00e9sailles ?<\/p><\/div><div class=\"esab__icon\"><div class=\"esab__collapse\"> <svg version=\"1.2\" viewbox=\"0 0 24 24\" width=\"24\" height=\"24\"><path fill-rule=\"evenodd\" d=\"m3.5 20.5c-4.7-4.7-4.7-12.3 0-17 4.7-4.7 12.3-4.7 17 0 4.6 4.7 4.6 12.3 0 17-4.7 4.6-12.3 4.6-17 0zm0.9-0.9c4.2 4.2 11 4.2 15.2 0 4.2-4.2 4.2-11 0-15.2-4.2-4.3-11-4.3-15.2 0-4.3 4.2-4.3 11 0 15.2z\"><\/path><path d=\"m11.4 15.9v-3.3h-3.3c-0.3 0-0.6-0.3-0.6-0.6 0-0.4 0.3-0.6 0.6-0.6h3.3v-3.3c0-0.3 0.3-0.6 0.6-0.6 0.3 0 0.6 0.3 0.6 0.6v3.3h3.3c0.3 0 0.6 0.2 0.6 0.6q0 0.2-0.2 0.4-0.2 0.2-0.4 0.2h-3.3v3.3q0 0.2-0.2 0.4-0.2 0.2-0.4 0.2c-0.4 0-0.6-0.3-0.6-0.6z\"><\/path><\/svg> <\/div><div class=\"esab__expand\"> <svg version=\"1.2\" viewbox=\"0 0 24 24\" width=\"24\" height=\"24\"><path fill-rule=\"evenodd\" d=\"m12 24c-6.6 0-12-5.4-12-12 0-6.6 5.4-12 12-12 6.6 0 12 5.4 12 12 0 6.6-5.4 12-12 12zm10.6-12c0-5.9-4.7-10.6-10.6-10.6-5.9 0-10.6 4.7-10.6 10.6 0 5.9 4.7 10.6 10.6 10.6 5.9 0 10.6-4.7 10.6-10.6z\"><\/path><path d=\"m5.6 11.3h12.8v1.4h-12.8z\"><\/path><\/svg> <\/div><\/div><\/div><div class=\"esab__body\">\n<p>Le d\u00e9partement d\u2019audit interne de l\u2019ACBF et les autres parties concern\u00e9es doivent garantir la confidentialit\u00e9 et la protection de l\u2019identit\u00e9 du lanceur d\u2019alerte, \u00e0 moins qu\u2019il n\u2019existe une obligation l\u00e9gale de divulgation.<\/p>\n\n\n\n<p>Si un membre du personnel de l'ACBF, lanceur d'alerte, subit des repr\u00e9sailles ou est menac\u00e9 de repr\u00e9sailles en raison de son signalement, il doit contacter le responsable du service d'audit interne et lui fournir toutes les informations et documents disponibles. Selon la gravit\u00e9 du cas, le Secr\u00e9taire ex\u00e9cutif peut informer le Conseil d'administration des circonstances et des mesures prises pour prot\u00e9ger le lanceur d'alerte.<\/p>\n\n\n\n<p>L'ACBF s'engage \u00e9galement \u00e0 garantir la protection des lanceurs d'alerte autres que son personnel. Toutefois, la protection que l'ACBF peut offrir aux parties externes sera limit\u00e9e \u00e0 ses capacit\u00e9s.<\/p>\n<\/div><\/div>\n<\/div><\/div>\n<\/div>\n<\/div>\n\n\n\n<p><\/p>","protected":false},"excerpt":{"rendered":"<p>Signalez toute conduite contraire \u00e0 l'\u00e9thique en toute s\u00e9curit\u00e9 et confidentialit\u00e9 : votre voix contribue \u00e0 maintenir l'int\u00e9grit\u00e9 et la responsabilit\u00e9 \u00e0 l'ACBF<\/p>","protected":false},"author":1,"featured_media":2988,"parent":0,"menu_order":0,"comment_status":"closed","ping_status":"closed","template":"","meta":{"_acf_changed":false,"footnotes":""},"class_list":["post-123","page","type-page","status-publish","has-post-thumbnail","hentry"],"acf":[],"_links":{"self":[{"href":"https:\/\/acbf.quatrohaus.com\/fr\/wp-json\/wp\/v2\/pages\/123","targetHints":{"allow":["GET"]}}],"collection":[{"href":"https:\/\/acbf.quatrohaus.com\/fr\/wp-json\/wp\/v2\/pages"}],"about":[{"href":"https:\/\/acbf.quatrohaus.com\/fr\/wp-json\/wp\/v2\/types\/page"}],"author":[{"embeddable":true,"href":"https:\/\/acbf.quatrohaus.com\/fr\/wp-json\/wp\/v2\/users\/1"}],"replies":[{"embeddable":true,"href":"https:\/\/acbf.quatrohaus.com\/fr\/wp-json\/wp\/v2\/comments?post=123"}],"version-history":[{"count":12,"href":"https:\/\/acbf.quatrohaus.com\/fr\/wp-json\/wp\/v2\/pages\/123\/revisions"}],"predecessor-version":[{"id":2989,"href":"https:\/\/acbf.quatrohaus.com\/fr\/wp-json\/wp\/v2\/pages\/123\/revisions\/2989"}],"wp:featuredmedia":[{"embeddable":true,"href":"https:\/\/acbf.quatrohaus.com\/fr\/wp-json\/wp\/v2\/media\/2988"}],"wp:attachment":[{"href":"https:\/\/acbf.quatrohaus.com\/fr\/wp-json\/wp\/v2\/media?parent=123"}],"curies":[{"name":"wp","href":"https:\/\/api.w.org\/{rel}","templated":true}]}}