{"id":150,"date":"2025-07-28T10:55:36","date_gmt":"2025-07-28T08:55:36","guid":{"rendered":"http:\/\/139.84.233.196\/acbf.org\/?page_id=150"},"modified":"2026-04-07T15:55:20","modified_gmt":"2026-04-07T13:55:20","slug":"the-acbf-network","status":"publish","type":"page","link":"https:\/\/acbf.quatrohaus.com\/fr\/the-acbf-network\/","title":{"rendered":"Le r\u00e9seau ACBF"},"content":{"rendered":"","protected":false},"excerpt":{"rendered":"<p>Rejoignez le r\u00e9seau ACBF et collaborez avec les acteurs du changement qui contribuent au d\u00e9veloppement de l\u2019Afrique.<\/p>","protected":false},"author":2,"featured_media":3269,"parent":0,"menu_order":0,"comment_status":"closed","ping_status":"closed","template":"","meta":{"_acf_changed":false,"footnotes":""},"class_list":["post-150","page","type-page","status-publish","has-post-thumbnail","hentry"],"acf":[],"_links":{"self":[{"href":"https:\/\/acbf.quatrohaus.com\/fr\/wp-json\/wp\/v2\/pages\/150","targetHints":{"allow":["GET"]}}],"collection":[{"href":"https:\/\/acbf.quatrohaus.com\/fr\/wp-json\/wp\/v2\/pages"}],"about":[{"href":"https:\/\/acbf.quatrohaus.com\/fr\/wp-json\/wp\/v2\/types\/page"}],"author":[{"embeddable":true,"href":"https:\/\/acbf.quatrohaus.com\/fr\/wp-json\/wp\/v2\/users\/2"}],"replies":[{"embeddable":true,"href":"https:\/\/acbf.quatrohaus.com\/fr\/wp-json\/wp\/v2\/comments?post=150"}],"version-history":[{"count":3,"href":"https:\/\/acbf.quatrohaus.com\/fr\/wp-json\/wp\/v2\/pages\/150\/revisions"}],"predecessor-version":[{"id":1554,"href":"https:\/\/acbf.quatrohaus.com\/fr\/wp-json\/wp\/v2\/pages\/150\/revisions\/1554"}],"wp:featuredmedia":[{"embeddable":true,"href":"https:\/\/acbf.quatrohaus.com\/fr\/wp-json\/wp\/v2\/media\/3269"}],"wp:attachment":[{"href":"https:\/\/acbf.quatrohaus.com\/fr\/wp-json\/wp\/v2\/media?parent=150"}],"curies":[{"name":"wp","href":"https:\/\/api.w.org\/{rel}","templated":true}]}}