{"id":1711,"date":"2025-09-10T12:28:42","date_gmt":"2025-09-10T10:28:42","guid":{"rendered":"https:\/\/theacbf.org\/?page_id=1711"},"modified":"2026-04-02T08:44:19","modified_gmt":"2026-04-02T06:44:19","slug":"leadership","status":"publish","type":"page","link":"https:\/\/acbf.quatrohaus.com\/fr\/who-we-are\/leadership\/","title":{"rendered":"Direction"},"content":{"rendered":"","protected":false},"excerpt":{"rendered":"<p>Derri\u00e8re chaque \u00e9tape importante se cache une \u00e9quipe de dirigeants et de professionnels d\u00e9vou\u00e9s. D\u00e9couvrez ceux qui \u0153uvrent \u00e0 la mission de la Fondation\u00a0: renforcer les capacit\u00e9s de l'Afrique pour un avenir durable. Les bureaux nationaux et r\u00e9gionaux de la Fondation comprennent Accra, Harare, Nairobi et le bureau de liaison de l'Union africaine \u00e0 Addis-Abeba.<\/p>","protected":false},"author":2,"featured_media":2914,"parent":40,"menu_order":0,"comment_status":"closed","ping_status":"closed","template":"","meta":{"_acf_changed":false,"footnotes":""},"class_list":["post-1711","page","type-page","status-publish","has-post-thumbnail","hentry"],"acf":[],"_links":{"self":[{"href":"https:\/\/acbf.quatrohaus.com\/fr\/wp-json\/wp\/v2\/pages\/1711","targetHints":{"allow":["GET"]}}],"collection":[{"href":"https:\/\/acbf.quatrohaus.com\/fr\/wp-json\/wp\/v2\/pages"}],"about":[{"href":"https:\/\/acbf.quatrohaus.com\/fr\/wp-json\/wp\/v2\/types\/page"}],"author":[{"embeddable":true,"href":"https:\/\/acbf.quatrohaus.com\/fr\/wp-json\/wp\/v2\/users\/2"}],"replies":[{"embeddable":true,"href":"https:\/\/acbf.quatrohaus.com\/fr\/wp-json\/wp\/v2\/comments?post=1711"}],"version-history":[{"count":6,"href":"https:\/\/acbf.quatrohaus.com\/fr\/wp-json\/wp\/v2\/pages\/1711\/revisions"}],"predecessor-version":[{"id":1840,"href":"https:\/\/acbf.quatrohaus.com\/fr\/wp-json\/wp\/v2\/pages\/1711\/revisions\/1840"}],"up":[{"embeddable":true,"href":"https:\/\/acbf.quatrohaus.com\/fr\/wp-json\/wp\/v2\/pages\/40"}],"wp:featuredmedia":[{"embeddable":true,"href":"https:\/\/acbf.quatrohaus.com\/fr\/wp-json\/wp\/v2\/media\/2914"}],"wp:attachment":[{"href":"https:\/\/acbf.quatrohaus.com\/fr\/wp-json\/wp\/v2\/media?parent=1711"}],"curies":[{"name":"wp","href":"https:\/\/api.w.org\/{rel}","templated":true}]}}