{"id":175,"date":"2025-07-29T02:25:40","date_gmt":"2025-07-29T00:25:40","guid":{"rendered":"http:\/\/139.84.233.196\/acbf.org\/?page_id=175"},"modified":"2026-04-07T12:34:16","modified_gmt":"2026-04-07T10:34:16","slug":"our-work","status":"publish","type":"page","link":"https:\/\/acbf.quatrohaus.com\/fr\/our-work\/","title":{"rendered":"A Vision for 2027"},"content":{"rendered":"<p>Le Plan strat\u00e9gique de l\u2019ACBF pour 2023-2027 vise \u00e0 acc\u00e9l\u00e9rer la transformation de l\u2019Afrique par le renforcement des capacit\u00e9s. Il met l\u2019accent sur le capital humain et le renforcement institutionnel pour favoriser une croissance inclusive et un d\u00e9veloppement durable.<\/p>\n\n\n\n<p>D\u2019ici 2027, l\u2019ACBF ambitionne une Afrique plus forte, autonome et comp\u00e9titive \u00e0 l\u2019\u00e9chelle mondiale. Notre action pose les fondements de la r\u00e9silience \u00e9conomique, d\u2019un commerce prosp\u00e8re, de la s\u00e9curit\u00e9 alimentaire et de l\u2019excellence en mati\u00e8re de gouvernance, garantissant ainsi la prosp\u00e9rit\u00e9 de l\u2019Afrique.<\/p>\n\n\n\n<p>R\u00e9silience \u00e9conomique renforc\u00e9e : L\u2019Afrique doit \u00eatre \u00e9quip\u00e9e pour r\u00e9sister aux chocs \u00e9conomiques et stimuler une croissance durable. L\u2019ACBF renforce les institutions, les politiques et le capital humain afin de d\u00e9velopper des \u00e9conomies adaptatives, innovantes et moins d\u00e9pendantes d\u2019un appui ext\u00e9rieur.<\/p>\n\n\n\n<p>Secteur priv\u00e9 dynamique et croissance du commerce : En facilitant le commerce intra-africain et en soutenant les PME, l\u2019ACBF ouvre de nouvelles opportunit\u00e9s \u00e9conomiques. Gr\u00e2ce au renforcement strat\u00e9gique des capacit\u00e9s, nous donnons aux entreprises, aux entrepreneurs et aux d\u00e9cideurs les moyens de maximiser les avantages de la Zone de libre-\u00e9change continentale africaine (ZLECAf) et de l\u2019industrialisation.<\/p>\n\n\n\n<p>S\u00e9curit\u00e9 alimentaire et agriculture durable : Une Afrique en mesure d\u2019assurer sa propre s\u00e9curit\u00e9 alimentaire est \u00e0 port\u00e9e de main. L\u2019ACBF r\u00e9duit les pertes post-r\u00e9colte, renforce les cha\u00eenes de valeur agroalimentaires et encourage les investissements priv\u00e9s dans l\u2019agriculture, garantissant que le continent puisse durablement subvenir \u00e0 ses besoins alimentaires.<\/p>\n\n\n\n<p>Gouvernance, redevabilit\u00e9 et stabilit\u00e9 financi\u00e8re : Des institutions solides favorisent la confiance et le d\u00e9veloppement durable. L\u2019ACBF \u0153uvre au renforcement de la transparence, de la discipline financi\u00e8re et des capacit\u00e9s de leadership, donnant aux d\u00e9cideurs les moyens de conduire des r\u00e9formes de gouvernance durables.<\/p>\n\n\n\n<div style=\"height:29px\" aria-hidden=\"true\" class=\"wp-block-spacer\"><\/div>\n\n\n\n<div class=\"wp-block-buttons is-layout-flex wp-block-buttons-is-layout-flex\">\n<div class=\"wp-block-button\"><a class=\"wp-block-button__link wp-element-button\" href=\"\/wp-content\/uploads\/2025\/08\/Strategic-Plan-2023-2027.pdf\">Lire le plan strat\u00e9gique ici<\/a><\/div>\n<\/div>\n\n\n\n<p class=\"primary-btn\"><\/p>","protected":false},"excerpt":{"rendered":"<p>B\u00e2tir des \u00e9conomies r\u00e9silientes, un commerce dynamique, la s\u00e9curit\u00e9 alimentaire et une gouvernance solide pour un avenir durable de l\u2019Afrique<\/p>","protected":false},"author":2,"featured_media":178,"parent":0,"menu_order":0,"comment_status":"closed","ping_status":"closed","template":"","meta":{"_acf_changed":false,"footnotes":""},"class_list":["post-175","page","type-page","status-publish","has-post-thumbnail","hentry"],"acf":[],"_links":{"self":[{"href":"https:\/\/acbf.quatrohaus.com\/fr\/wp-json\/wp\/v2\/pages\/175","targetHints":{"allow":["GET"]}}],"collection":[{"href":"https:\/\/acbf.quatrohaus.com\/fr\/wp-json\/wp\/v2\/pages"}],"about":[{"href":"https:\/\/acbf.quatrohaus.com\/fr\/wp-json\/wp\/v2\/types\/page"}],"author":[{"embeddable":true,"href":"https:\/\/acbf.quatrohaus.com\/fr\/wp-json\/wp\/v2\/users\/2"}],"replies":[{"embeddable":true,"href":"https:\/\/acbf.quatrohaus.com\/fr\/wp-json\/wp\/v2\/comments?post=175"}],"version-history":[{"count":17,"href":"https:\/\/acbf.quatrohaus.com\/fr\/wp-json\/wp\/v2\/pages\/175\/revisions"}],"predecessor-version":[{"id":3245,"href":"https:\/\/acbf.quatrohaus.com\/fr\/wp-json\/wp\/v2\/pages\/175\/revisions\/3245"}],"wp:featuredmedia":[{"embeddable":true,"href":"https:\/\/acbf.quatrohaus.com\/fr\/wp-json\/wp\/v2\/media\/178"}],"wp:attachment":[{"href":"https:\/\/acbf.quatrohaus.com\/fr\/wp-json\/wp\/v2\/media?parent=175"}],"curies":[{"name":"wp","href":"https:\/\/api.w.org\/{rel}","templated":true}]}}