{"id":255,"date":"2025-07-29T14:04:57","date_gmt":"2025-07-29T12:04:57","guid":{"rendered":"http:\/\/139.84.233.196\/acbf.org\/?page_id=255"},"modified":"2026-02-02T12:32:33","modified_gmt":"2026-02-02T10:32:33","slug":"vacancies","status":"publish","type":"page","link":"https:\/\/acbf.quatrohaus.com\/fr\/join-us\/vacancies\/","title":{"rendered":"Postes vacants"},"content":{"rendered":"<p>L'ACBF emploie une \u00e9quipe diversifi\u00e9e, professionnelle et d\u00e9vou\u00e9e, issue de diff\u00e9rents pays d'Afrique. Nous sommes une \u00e9quipe passionn\u00e9e, dot\u00e9e d'un parcours et de qualifications uniques, qui \u0153uvre pour l'avenir de l'Afrique par le renforcement des capacit\u00e9s. L'ACBF souscrit au principe de l'\u00e9galit\u00e9 des chances. Les candidatures f\u00e9minines qualifi\u00e9es sont vivement encourag\u00e9es. &nbsp;<br>At ACBF, you will have the opportunity to;<\/p>\n\n\n\n<ul class=\"wp-block-list\">\n<li>Construisez une carri\u00e8re internationale en travaillant avec des partenaires de d\u00e9veloppement africains et internationaux, les gouvernements africains, le secteur priv\u00e9 et la soci\u00e9t\u00e9 civile.<\/li>\n\n\n\n<li>Travaillez avec d\u2019autres professionnels exceptionnels et culturellement diversifi\u00e9s.<\/li>\n<\/ul>\n\n\n\n<div style=\"height:70px\" aria-hidden=\"true\" class=\"wp-block-spacer\"><\/div>\n\n\n\n<h3 class=\"wp-block-heading vacancies-heading\">Avis<\/h3>\n\n\n\n<h3 class=\"wp-block-heading applicants\">aux candidats<\/h3>\n\n\n\n<div style=\"height:20px\" aria-hidden=\"true\" class=\"wp-block-spacer\"><\/div>\n\n\n\n<p>L'ACBF ne facture aucun frais aux candidats ni \u00e0 ses futurs employ\u00e9s, pour quelque raison que ce soit, avant, pendant et apr\u00e8s le processus de s\u00e9lection (candidature, entretien, r\u00e9union, d\u00e9placement, traitement, formation ou autres frais). Toutes les communications avec les candidats se font via une adresse courriel ACBF v\u00e9rifiable et non via une adresse internet telle que Hotmail, Yahoo, Gmail, une ligne mobile, etc. Pour toute question concernant des personnes ou des entreprises pr\u00e9tendant recruter pour le compte de l'ACBF et demandant le paiement de frais, veuillez contacter imm\u00e9diatement l'ACBF.&nbsp;<a href=\"mailto:root@acbf-pact.org\">mailto:root@acbf-pact.org<\/a>.<\/p>\n\n\n\n<div style=\"height:70px\" aria-hidden=\"true\" class=\"wp-block-spacer\"><\/div>\n\n\n\n<h3 class=\"wp-block-heading vacancies-heading\">Tous les postes vacants<\/h3>\n\n\n\n<h3 class=\"wp-block-heading applicants\">Sont r\u00e9pertori\u00e9s ci-dessous<\/h3>\n\n\n\n<div style=\"height:20px\" aria-hidden=\"true\" class=\"wp-block-spacer\"><\/div>","protected":false},"excerpt":{"rendered":"<p>Rejoignez une \u00e9quipe diversifi\u00e9e et motiv\u00e9e qui b\u00e2tit l'avenir de l'Afrique gr\u00e2ce \u00e0 l'excellence du renforcement des capacit\u00e9s. ACBF, o\u00f9 le talent rencontre l'objectif.<\/p>","protected":false},"author":2,"featured_media":256,"parent":46,"menu_order":0,"comment_status":"closed","ping_status":"closed","template":"","meta":{"_acf_changed":false,"footnotes":""},"class_list":["post-255","page","type-page","status-publish","has-post-thumbnail","hentry"],"acf":[],"_links":{"self":[{"href":"https:\/\/acbf.quatrohaus.com\/fr\/wp-json\/wp\/v2\/pages\/255","targetHints":{"allow":["GET"]}}],"collection":[{"href":"https:\/\/acbf.quatrohaus.com\/fr\/wp-json\/wp\/v2\/pages"}],"about":[{"href":"https:\/\/acbf.quatrohaus.com\/fr\/wp-json\/wp\/v2\/types\/page"}],"author":[{"embeddable":true,"href":"https:\/\/acbf.quatrohaus.com\/fr\/wp-json\/wp\/v2\/users\/2"}],"replies":[{"embeddable":true,"href":"https:\/\/acbf.quatrohaus.com\/fr\/wp-json\/wp\/v2\/comments?post=255"}],"version-history":[{"count":11,"href":"https:\/\/acbf.quatrohaus.com\/fr\/wp-json\/wp\/v2\/pages\/255\/revisions"}],"predecessor-version":[{"id":1564,"href":"https:\/\/acbf.quatrohaus.com\/fr\/wp-json\/wp\/v2\/pages\/255\/revisions\/1564"}],"up":[{"embeddable":true,"href":"https:\/\/acbf.quatrohaus.com\/fr\/wp-json\/wp\/v2\/pages\/46"}],"wp:featuredmedia":[{"embeddable":true,"href":"https:\/\/acbf.quatrohaus.com\/fr\/wp-json\/wp\/v2\/media\/256"}],"wp:attachment":[{"href":"https:\/\/acbf.quatrohaus.com\/fr\/wp-json\/wp\/v2\/media?parent=255"}],"curies":[{"name":"wp","href":"https:\/\/api.w.org\/{rel}","templated":true}]}}