{"id":2555,"date":"2026-02-02T12:28:21","date_gmt":"2026-02-02T10:28:21","guid":{"rendered":"https:\/\/www.acbf-pact.org\/?page_id=2555"},"modified":"2026-04-07T17:14:06","modified_gmt":"2026-04-07T15:14:06","slug":"careers-vacancies","status":"publish","type":"page","link":"https:\/\/acbf.quatrohaus.com\/fr\/careers-vacancies\/","title":{"rendered":"Carri\u00e8res et Offres d\u2019emploi"},"content":{"rendered":"<div class=\"wp-block-columns con-join is-layout-flex wp-container-core-columns-is-layout-9d6595d7 wp-block-columns-is-layout-flex\">\n<div class=\"wp-block-column Join-us is-layout-flow wp-block-column-is-layout-flow\">\n<h3 class=\"wp-block-heading vacancies-heading mb-0\">Join Us to Shape<\/h3>\n\n\n\n<h3 class=\"wp-block-heading is-style-border-botton-green\">Africa\u2019s Future<\/h3>\n\n\n\n<p class=\"mt-5\">\u00c0 l\u2019ACBF, nous sommes convaincus que le renforcement durable des capacit\u00e9s sur le continent repose avant tout sur des femmes et des hommes passionn\u00e9s, comp\u00e9tents et engag\u00e9s, porteurs de parcours, de regards et d\u2019exp\u00e9riences diversifi\u00e9s. Nos \u00e9quipes rassemblent des charg\u00e9s de programme, des professionnels de la communication, des sp\u00e9cialistes des finances et des op\u00e9rations, des chercheurs et bien d\u2019autres profils, unis par une ambition commune : renforcer les institutions, soutenir un d\u00e9veloppement durable et promouvoir le leadership africain.<br><br>Nous nous engageons \u00e0 offrir un environnement de travail ouvert, inclusif et stimulant, o\u00f9 chacun peut s\u2019\u00e9panouir sur les plans personnel et professionnel, tout en apportant une contribution concr\u00e8te et utile \u00e0 la transformation de l\u2019Afrique.<\/p>\n<\/div>\n<\/div>\n\n\n\n<div style=\"height:50px\" aria-hidden=\"true\" class=\"wp-block-spacer\"><\/div>\n\n\n\n<div class=\"wp-block-columns container is-layout-flex wp-container-core-columns-is-layout-9d6595d7 wp-block-columns-is-layout-flex\">\n<div class=\"wp-block-column container is-layout-flow wp-block-column-is-layout-flow\">\n<h3 class=\"wp-block-heading vacancies-heading is-style-border-botton-green\">Nos valeurs et notre culture<\/h3>\n\n\n\n<p class=\"mt-5\">Notre culture repose sur cinq valeurs fondamentales qui guident notre mani\u00e8re de travailler, tant entre coll\u00e8gues qu\u2019avec nos partenaires :<\/p>\n<\/div>\n<\/div>\n\n\n\n<div class=\"wp-block-columns container our-values is-layout-flex wp-container-core-columns-is-layout-9d6595d7 wp-block-columns-is-layout-flex\">\n<div class=\"wp-block-column is-layout-flow wp-block-column-is-layout-flow\">\n<figure class=\"wp-block-image size-large img-fluid value-cul-img\"><img decoding=\"async\" width=\"1024\" height=\"1024\" src=\"https:\/\/www.acbf-pact.org\/wp-content\/uploads\/2026\/02\/Accountability-1024x1024.png\" alt=\"\" class=\"wp-image-2626\" srcset=\"https:\/\/acbf.quatrohaus.com\/wp-content\/uploads\/2026\/02\/Accountability-1024x1024.png 1024w, https:\/\/acbf.quatrohaus.com\/wp-content\/uploads\/2026\/02\/Accountability-300x300.png 300w, https:\/\/acbf.quatrohaus.com\/wp-content\/uploads\/2026\/02\/Accountability-150x150.png 150w, https:\/\/acbf.quatrohaus.com\/wp-content\/uploads\/2026\/02\/Accountability-768x768.png 768w, https:\/\/acbf.quatrohaus.com\/wp-content\/uploads\/2026\/02\/Accountability-1536x1536.png 1536w, https:\/\/acbf.quatrohaus.com\/wp-content\/uploads\/2026\/02\/Accountability-12x12.png 12w, https:\/\/acbf.quatrohaus.com\/wp-content\/uploads\/2026\/02\/Accountability.png 2048w\" sizes=\"(max-width: 1024px) 100vw, 1024px\" \/><\/figure>\n\n\n\n<h4 class=\"wp-block-heading text-center\">Responsabilit\u00e9<\/h4>\n\n\n\n<p class=\"text-center\">Nous exigeons des comportements honn\u00eates et \u00e9thiques dans nos relations avec les autres et veillons \u00e0 \u00e9viter toute utilisation inefficiente des ressources qui nous sont confi\u00e9es.<\/p>\n<\/div>\n\n\n\n<div class=\"wp-block-column is-layout-flow wp-block-column-is-layout-flow\">\n<figure class=\"wp-block-image size-large img-fluid value-cul-img\"><img decoding=\"async\" width=\"1024\" height=\"1024\" src=\"https:\/\/www.acbf-pact.org\/wp-content\/uploads\/2026\/02\/Innovation-1024x1024.png\" alt=\"\" class=\"wp-image-2627\" srcset=\"https:\/\/acbf.quatrohaus.com\/wp-content\/uploads\/2026\/02\/Innovation-1024x1024.png 1024w, https:\/\/acbf.quatrohaus.com\/wp-content\/uploads\/2026\/02\/Innovation-300x300.png 300w, https:\/\/acbf.quatrohaus.com\/wp-content\/uploads\/2026\/02\/Innovation-150x150.png 150w, https:\/\/acbf.quatrohaus.com\/wp-content\/uploads\/2026\/02\/Innovation-768x768.png 768w, https:\/\/acbf.quatrohaus.com\/wp-content\/uploads\/2026\/02\/Innovation-1536x1536.png 1536w, https:\/\/acbf.quatrohaus.com\/wp-content\/uploads\/2026\/02\/Innovation-12x12.png 12w, https:\/\/acbf.quatrohaus.com\/wp-content\/uploads\/2026\/02\/Innovation.png 2048w\" sizes=\"(max-width: 1024px) 100vw, 1024px\" \/><\/figure>\n\n\n\n<h4 class=\"wp-block-heading text-center\">Innovation<\/h4>\n\n\n\n<p class=\"text-center\">Nous cherchons en permanence \u00e0 am\u00e9liorer nos services, \u00e0 nous adapter \u00e0 l\u2019\u00e9volution des besoins et \u00e0 trouver des approches plus efficaces pour soutenir le d\u00e9veloppement de l\u2019Afrique.<\/p>\n<\/div>\n\n\n\n<div class=\"wp-block-column is-layout-flow wp-block-column-is-layout-flow\">\n<figure class=\"wp-block-image size-large img-fluid value-cul-img\"><img decoding=\"async\" width=\"1024\" height=\"1024\" src=\"https:\/\/www.acbf-pact.org\/wp-content\/uploads\/2026\/02\/Excellence-1024x1024.png\" alt=\"\" class=\"wp-image-2629\" srcset=\"https:\/\/acbf.quatrohaus.com\/wp-content\/uploads\/2026\/02\/Excellence-1024x1024.png 1024w, https:\/\/acbf.quatrohaus.com\/wp-content\/uploads\/2026\/02\/Excellence-300x300.png 300w, https:\/\/acbf.quatrohaus.com\/wp-content\/uploads\/2026\/02\/Excellence-150x150.png 150w, https:\/\/acbf.quatrohaus.com\/wp-content\/uploads\/2026\/02\/Excellence-768x768.png 768w, https:\/\/acbf.quatrohaus.com\/wp-content\/uploads\/2026\/02\/Excellence-1536x1536.png 1536w, https:\/\/acbf.quatrohaus.com\/wp-content\/uploads\/2026\/02\/Excellence-12x12.png 12w, https:\/\/acbf.quatrohaus.com\/wp-content\/uploads\/2026\/02\/Excellence.png 2048w\" sizes=\"(max-width: 1024px) 100vw, 1024px\" \/><\/figure>\n\n\n\n<h4 class=\"wp-block-heading text-center\">Excellence<\/h4>\n\n\n\n<p class=\"text-center\">Nous nous effor\u00e7ons d\u2019atteindre les plus hauts standards dans notre travail et de maximiser la valeur de nos ressources au b\u00e9n\u00e9fice de l\u2019ensemble des parties prenantes.<\/p>\n<\/div>\n<\/div>\n\n\n\n<div class=\"wp-block-columns is-layout-flex wp-container-core-columns-is-layout-9d6595d7 wp-block-columns-is-layout-flex\">\n<div class=\"wp-block-column is-layout-flow wp-block-column-is-layout-flow\" style=\"flex-basis:10%\"><\/div>\n\n\n\n<div class=\"wp-block-column container our-values is-layout-flow wp-block-column-is-layout-flow\" style=\"flex-basis:80%\">\n<div class=\"wp-block-columns container our-values-col2 is-layout-flex wp-container-core-columns-is-layout-9d6595d7 wp-block-columns-is-layout-flex\">\n<div class=\"wp-block-column value-partner-col is-layout-flow wp-block-column-is-layout-flow\" style=\"flex-basis:50%\">\n<figure class=\"wp-block-image size-large\"><img decoding=\"async\" width=\"1024\" height=\"1024\" src=\"http:\/\/139.84.241.235\/acbf\/wp-content\/uploads\/2026\/02\/Partnership-1024x1024.png\" alt=\"\" class=\"wp-image-2630\" srcset=\"https:\/\/acbf.quatrohaus.com\/wp-content\/uploads\/2026\/02\/Partnership-1024x1024.png 1024w, https:\/\/acbf.quatrohaus.com\/wp-content\/uploads\/2026\/02\/Partnership-300x300.png 300w, https:\/\/acbf.quatrohaus.com\/wp-content\/uploads\/2026\/02\/Partnership-150x150.png 150w, https:\/\/acbf.quatrohaus.com\/wp-content\/uploads\/2026\/02\/Partnership-768x768.png 768w, https:\/\/acbf.quatrohaus.com\/wp-content\/uploads\/2026\/02\/Partnership-1536x1536.png 1536w, https:\/\/acbf.quatrohaus.com\/wp-content\/uploads\/2026\/02\/Partnership-12x12.png 12w, https:\/\/acbf.quatrohaus.com\/wp-content\/uploads\/2026\/02\/Partnership.png 2048w\" sizes=\"(max-width: 1024px) 100vw, 1024px\" \/><\/figure>\n\n\n\n<h4 class=\"wp-block-heading text-center\">Partenariat<\/h4>\n\n\n\n<p class=\"has-text-align-center\">We believe addressing Africa\u2019s capacity challenges requires collaboration with governments, institutions, civil society, and communities<\/p>\n<\/div>\n\n\n\n<div class=\"wp-block-column value-communication-col is-layout-flow wp-block-column-is-layout-flow\" style=\"flex-basis:50%\">\n<figure class=\"wp-block-image size-large is-resized img-fluid value-cul-img2\"><img decoding=\"async\" width=\"1024\" height=\"1024\" src=\"http:\/\/139.84.241.235\/acbf\/wp-content\/uploads\/2026\/02\/Communication-1024x1024.png\" alt=\"\" class=\"wp-image-2631\" style=\"width:650px\" srcset=\"https:\/\/acbf.quatrohaus.com\/wp-content\/uploads\/2026\/02\/Communication-1024x1024.png 1024w, https:\/\/acbf.quatrohaus.com\/wp-content\/uploads\/2026\/02\/Communication-300x300.png 300w, https:\/\/acbf.quatrohaus.com\/wp-content\/uploads\/2026\/02\/Communication-150x150.png 150w, https:\/\/acbf.quatrohaus.com\/wp-content\/uploads\/2026\/02\/Communication-768x768.png 768w, https:\/\/acbf.quatrohaus.com\/wp-content\/uploads\/2026\/02\/Communication-1536x1536.png 1536w, https:\/\/acbf.quatrohaus.com\/wp-content\/uploads\/2026\/02\/Communication-12x12.png 12w, https:\/\/acbf.quatrohaus.com\/wp-content\/uploads\/2026\/02\/Communication.png 2048w\" sizes=\"(max-width: 1024px) 100vw, 1024px\" \/><\/figure>\n\n\n\n<h4 class=\"wp-block-heading text-center\">Communication<\/h4>\n\n\n\n<p class=\"has-text-align-center\">Nous disons ce que nous comptons faire et partageons ce que nous avons accompli. Une communication claire et opportune est au c\u0153ur de la relation de confiance que nous construisons et des r\u00e9sultats que nous produisons.<\/p>\n<\/div>\n<\/div>\n<\/div>\n\n\n\n<div class=\"wp-block-column is-layout-flow wp-block-column-is-layout-flow\" style=\"flex-basis:10%\"><\/div>\n<\/div>\n\n\n\n<div style=\"height:50px\" aria-hidden=\"true\" class=\"wp-block-spacer\"><\/div>\n\n\n\n<div class=\"wp-block-columns where-we-work container bg-cream-color  p-5 is-layout-flex wp-container-core-columns-is-layout-9d6595d7 wp-block-columns-is-layout-flex\">\n<div class=\"wp-block-column container is-layout-flow wp-block-column-is-layout-flow\">\n<figure class=\"wp-block-gallery has-nested-images columns-default is-cropped wp-block-gallery-1 is-layout-flex wp-block-gallery-is-layout-flex\">\n<figure class=\"wp-block-image size-large\"><img decoding=\"async\" width=\"1024\" height=\"510\" data-id=\"2685\" src=\"https:\/\/www.acbf-pact.org\/wp-content\/uploads\/2026\/02\/Map-1-1-1024x510.png\" alt=\"\" class=\"wp-image-2685\" srcset=\"https:\/\/acbf.quatrohaus.com\/wp-content\/uploads\/2026\/02\/Map-1-1-1024x510.png 1024w, https:\/\/acbf.quatrohaus.com\/wp-content\/uploads\/2026\/02\/Map-1-1-300x149.png 300w, https:\/\/acbf.quatrohaus.com\/wp-content\/uploads\/2026\/02\/Map-1-1-768x382.png 768w, https:\/\/acbf.quatrohaus.com\/wp-content\/uploads\/2026\/02\/Map-1-1-1536x764.png 1536w, https:\/\/acbf.quatrohaus.com\/wp-content\/uploads\/2026\/02\/Map-1-1-2048x1019.png 2048w, https:\/\/acbf.quatrohaus.com\/wp-content\/uploads\/2026\/02\/Map-1-1-18x9.png 18w\" sizes=\"(max-width: 1024px) 100vw, 1024px\" \/><\/figure>\n<\/figure>\n<\/div>\n\n\n\n<div class=\"wp-block-column is-vertically-aligned-center px-4 is-layout-flow wp-block-column-is-layout-flow\">\n<h3 class=\"wp-block-heading vacancies-heading mt-5 w-100 is-style-border-botton-green\">O\u00f9 nous travaillons<\/h3>\n\n\n\n<p class=\"mt-5\">La Fondation pour le renforcement des capacit\u00e9s en Afrique (ACBF) dispose d\u2019une pr\u00e9sence dynamique \u00e0 travers le continent africain et au-del\u00e0. Son si\u00e8ge, ses bureaux r\u00e9gionaux et ses \u00e9quipes de projet sont souvent implant\u00e9s au plus pr\u00e8s des communaut\u00e9s qu\u2019elle accompagne, afin de garantir la proximit\u00e9 avec les parties prenantes et la pertinence de ses interventions.<\/p>\n\n\n\n<p>Nous accueillons les candidatures de profils qualifi\u00e9s pour l\u2019ensemble de nos bureaux et proposons, lorsque cela est possible et appropri\u00e9, des modalit\u00e9s de travail flexibles ou hybrides.<\/p>\n\n\n\n<div class=\"wp-block-buttons mt-5 is-layout-flex wp-block-buttons-is-layout-flex\">\n<div class=\"wp-block-button\"><a class=\"wp-block-button__link wp-element-button\" href=\"https:\/\/theacbf.org\/fr\/our-offices\/\">Nos bureaux<\/a><\/div>\n<\/div>\n<\/div>\n<\/div>\n\n\n\n<div class=\"wp-block-columns is-layout-flex wp-container-core-columns-is-layout-9d6595d7 wp-block-columns-is-layout-flex\">\n<div class=\"wp-block-column Join-us is-layout-flow wp-block-column-is-layout-flow\">\n<h3 class=\"wp-block-heading vacancies-heading mt-5 is-style-border-botton-green\">Ce que nous offrons<\/h3>\n\n\n\n<p class=\"mt-5\">Travailler \u00e0 l\u2019ACBF, c\u2019est b\u00e9n\u00e9ficier d\u2019un ensemble d\u2019avantages et d\u2019engagements visant \u00e0 soutenir le bien-\u00eatre, le d\u00e9veloppement professionnel et l\u2019impact de nos \u00e9quipes. Il s\u2019agit notamment de :<\/p>\n\n\n\n<ul class=\"wp-block-list\">\n<li>la possibilit\u00e9 de contribuer \u00e0 des initiatives de d\u00e9veloppement \u00e0 l\u2019\u00e9chelle du continent africain et d\u2019influencer l\u2019\u00e9laboration de politiques r\u00e9gionales ;<\/li>\n\n\n\n<li>un environnement de travail collaboratif, guid\u00e9 par la mission de l\u2019institution, qui valorise la diversit\u00e9 des points de vue et l\u2019\u00e9volution professionnelle ;<\/li>\n\n\n\n<li>un appui \u00e0 l\u2019apprentissage continu, au perfectionnement professionnel et au d\u00e9veloppement de carri\u00e8re ;<\/li>\n\n\n\n<li>un souci de l\u2019\u00e9quilibre entre vie professionnelle et vie personnelle, avec des modalit\u00e9s de travail flexibles lorsque cela est possible ;<\/li>\n\n\n\n<li>une culture fond\u00e9e sur l\u2019inclusion, l\u2019\u00e9quit\u00e9 et la responsabilit\u00e9 partag\u00e9e.<\/li>\n<\/ul>\n<\/div>\n<\/div>\n\n\n\n<div style=\"height:50px\" aria-hidden=\"true\" class=\"wp-block-spacer\"><\/div>\n\n\n\n<div class=\"wp-block-columns where-we-work container bg-cream-color  p-5 is-layout-flex wp-container-core-columns-is-layout-9d6595d7 wp-block-columns-is-layout-flex\">\n<div class=\"wp-block-column where-we-work container bg-cream-color  p-5 is-layout-flow wp-block-column-is-layout-flow\">\n<h2 class=\"wp-block-heading is-style-border-botton-green\">Rejoignez notre vivier de talents<\/h2>\n\n\n\n<div class=\"wp-block-columns are-vertically-aligned-top is-layout-flex wp-container-core-columns-is-layout-9d6595d7 wp-block-columns-is-layout-flex\">\n<div class=\"wp-block-column is-vertically-aligned-top talent-pool-content is-layout-flow wp-block-column-is-layout-flow\">\n<p class=\"inside-pool-description\">Nous souhaitons rester en lien avec des professionnels qui partagent nos valeurs et notre vision d\u2019une Afrique prosp\u00e8re, inclusive et r\u00e9siliente.<br>Si votre profil et vos centres d\u2019int\u00e9r\u00eat correspondent \u00e0 la mission de l\u2019ACBF, mais qu\u2019aucun poste actuellement publi\u00e9 ne correspond \u00e0 vos comp\u00e9tences, n\u2019h\u00e9sitez pas \u00e0 nous transmettre votre CV accompagn\u00e9 d\u2019une br\u00e8ve note de motivation. Votre candidature pourra ainsi \u00eatre prise en consid\u00e9ration pour de futures opportunit\u00e9s.<\/p>\n\n\n\n<div style=\"height:60px\" aria-hidden=\"true\" class=\"wp-block-spacer\"><\/div>\n\n\n\n<p><strong>Rester inform\u00e9<\/strong><\/p>\n\n\n\n<p class=\"stay-connected-desc\">Inscrivez-vous pour recevoir des informations sur les nouvelles opportunit\u00e9s, l\u2019actualit\u00e9 institutionnelle, les \u00e9v\u00e9nements et les publications.<\/p>\n\n\n\n<div class=\"wp-block-buttons is-layout-flex wp-block-buttons-is-layout-flex\">\n<div class=\"wp-block-button\"><a class=\"wp-block-button__link wp-element-button\" href=\"#the-newsletter\">Lien<\/a><\/div>\n<\/div>\n<\/div>\n\n\n\n<div class=\"wp-block-column is-vertically-aligned-top is-layout-flow wp-block-column-is-layout-flow\">\n<figure class=\"wp-block-image size-full\"><img decoding=\"async\" width=\"695\" height=\"464\" src=\"http:\/\/139.84.241.235\/acbf\/wp-content\/uploads\/2026\/04\/Rectangle-210.jpg\" alt=\"\" class=\"wp-image-3022\" srcset=\"https:\/\/acbf.quatrohaus.com\/wp-content\/uploads\/2026\/04\/Rectangle-210.jpg 695w, https:\/\/acbf.quatrohaus.com\/wp-content\/uploads\/2026\/04\/Rectangle-210-300x200.jpg 300w, https:\/\/acbf.quatrohaus.com\/wp-content\/uploads\/2026\/04\/Rectangle-210-18x12.jpg 18w\" sizes=\"(max-width: 695px) 100vw, 695px\" \/><\/figure>\n<\/div>\n<\/div>\n<\/div>\n<\/div>\n\n\n\n<div style=\"height:70px\" aria-hidden=\"true\" class=\"wp-block-spacer\"><\/div>\n\n\n\n<div class=\"wp-block-columns container is-layout-flex wp-container-core-columns-is-layout-9d6595d7 wp-block-columns-is-layout-flex\">\n<div class=\"wp-block-column is-layout-flow wp-block-column-is-layout-flow\">\n<h3 class=\"wp-block-heading vacancies-heading is-style-border-botton-green w-100\">Avis aux candidats<\/h3>\n\n\n\n<p class=\"mt-5\">L\u2019ACBF ne per\u00e7oit aucun frais, de quelque nature que ce soit, aupr\u00e8s des candidats ou des futurs employ\u00e9s, avant, pendant ou apr\u00e8s le processus de recrutement. Cela inclut notamment les frais li\u00e9s au d\u00e9p\u00f4t de candidature, aux entretiens, aux r\u00e9unions, aux d\u00e9placements, au traitement des dossiers, \u00e0 la formation ou \u00e0 toute autre \u00e9tape du processus.<\/p>\n\n\n\n<p> Toutes les communications avec les candidats se font exclusivement par le biais d\u2019adresses \u00e9lectroniques officielles et v\u00e9rifiables de l\u2019ACBF, et jamais \u00e0 partir d\u2019adresses personnelles ou publiques telles que Hotmail, Yahoo, Gmail, ni via des lignes t\u00e9l\u00e9phoniques mobiles.\nSi vous avez le moindre doute ou si des personnes ou des entit\u00e9s pr\u00e9tendent recruter pour le compte de l\u2019ACBF en sollicitant le paiement de frais, nous vous invitons \u00e0 contacter imm\u00e9diatement l\u2019adresse suivante<\/p>\n\n\n\n<div class=\"wp-block-buttons my-5 is-layout-flex wp-block-buttons-is-layout-flex\">\n<div class=\"wp-block-button\"><a class=\"wp-block-button__link wp-element-button\" href=\"mailto:root@acbf-pact.org\">E-mail<\/a><\/div>\n<\/div>\n<\/div>\n<\/div>\n\n\n\n<div style=\"height:50px\" aria-hidden=\"true\" class=\"wp-block-spacer\"><\/div>\n\n\n\n<div class=\"wp-block-columns con-join is-layout-flex wp-container-core-columns-is-layout-9d6595d7 wp-block-columns-is-layout-flex\">\n<div class=\"wp-block-column Join-us is-layout-flow wp-block-column-is-layout-flow\">\n<h3 class=\"wp-block-heading vacancies-heading mt-5 is-style-border-botton-green\">Comment postuler<\/h3>\n\n\n\n<ul class=\"wp-block-list mt-5\">\n<li>Examinez attentivement la description du poste et assurez-vous que vous disposez des qualifications requises.<\/li>\n\n\n\n<li>Pr\u00e9parez votre dossier de candidature : lettre de motivation, CV et tout document compl\u00e9mentaire pertinent (par exemple, r\u00e9f\u00e9rences, \u00e9chantillons de travaux, portfolio).<\/li>\n\n\n\n<li>Soumettez votre candidature via notre portail de recrutement en ligne (ou par courrier \u00e9lectronique, selon le poste).<\/li>\n\n\n\n<li>Les candidats pr\u00e9s\u00e9lectionn\u00e9s seront contact\u00e9s pour un entretien.<\/li>\n<\/ul>\n\n\n\n<p>L\u2019ACBF est un employeur garantissant l\u2019\u00e9galit\u00e9 des chances et encourage les candidatures de toutes les personnes qualifi\u00e9es, sans distinction de genre, de nationalit\u00e9, d\u2019origine ethnique, de religion, de handicap ou de toute autre situation.<\/p>\n\n\n\n<div class=\"wp-block-buttons mt-5 is-layout-flex wp-block-buttons-is-layout-flex\">\n<div class=\"wp-block-button\"><a class=\"wp-block-button__link wp-element-button\" href=\"mailto:root@acbf-pact.org\">E-mail<\/a><\/div>\n<\/div>\n<\/div>\n<\/div>\n\n\n\n<div style=\"height:50px\" aria-hidden=\"true\" class=\"wp-block-spacer\"><\/div>\n\n\n\n<div class=\"wp-block-columns container is-layout-flex wp-container-core-columns-is-layout-9d6595d7 wp-block-columns-is-layout-flex\">\n<div class=\"wp-block-column container is-layout-flow wp-block-column-is-layout-flow\">\n<h3 class=\"wp-block-heading vacancies-heading is-style-border-botton-green\">Postes \u00e0 pourvoir<\/h3>\n\n\n\n<p class=\"mt-5\">Toutes les offres d\u2019emploi en cours sont list\u00e9es ci-dessous.<\/p>\n<\/div>\n<\/div>","protected":false},"excerpt":{"rendered":"<p>Rejoignez une \u00e9quipe diversifi\u00e9e et motiv\u00e9e qui b\u00e2tit l'avenir de l'Afrique gr\u00e2ce \u00e0 l'excellence du renforcement des capacit\u00e9s. ACBF, o\u00f9 le talent rencontre l'objectif.<\/p>","protected":false},"author":2,"featured_media":2979,"parent":0,"menu_order":0,"comment_status":"closed","ping_status":"closed","template":"","meta":{"_acf_changed":false,"footnotes":""},"class_list":["post-2555","page","type-page","status-publish","has-post-thumbnail","hentry"],"acf":[],"_links":{"self":[{"href":"https:\/\/acbf.quatrohaus.com\/fr\/wp-json\/wp\/v2\/pages\/2555","targetHints":{"allow":["GET"]}}],"collection":[{"href":"https:\/\/acbf.quatrohaus.com\/fr\/wp-json\/wp\/v2\/pages"}],"about":[{"href":"https:\/\/acbf.quatrohaus.com\/fr\/wp-json\/wp\/v2\/types\/page"}],"author":[{"embeddable":true,"href":"https:\/\/acbf.quatrohaus.com\/fr\/wp-json\/wp\/v2\/users\/2"}],"replies":[{"embeddable":true,"href":"https:\/\/acbf.quatrohaus.com\/fr\/wp-json\/wp\/v2\/comments?post=2555"}],"version-history":[{"count":168,"href":"https:\/\/acbf.quatrohaus.com\/fr\/wp-json\/wp\/v2\/pages\/2555\/revisions"}],"predecessor-version":[{"id":3329,"href":"https:\/\/acbf.quatrohaus.com\/fr\/wp-json\/wp\/v2\/pages\/2555\/revisions\/3329"}],"wp:featuredmedia":[{"embeddable":true,"href":"https:\/\/acbf.quatrohaus.com\/fr\/wp-json\/wp\/v2\/media\/2979"}],"wp:attachment":[{"href":"https:\/\/acbf.quatrohaus.com\/fr\/wp-json\/wp\/v2\/media?parent=2555"}],"curies":[{"name":"wp","href":"https:\/\/api.w.org\/{rel}","templated":true}]}}