{"id":300,"date":"2025-07-30T02:10:39","date_gmt":"2025-07-30T00:10:39","guid":{"rendered":"http:\/\/139.84.233.196\/acbf.org\/?page_id=300"},"modified":"2026-04-03T17:06:14","modified_gmt":"2026-04-03T15:06:14","slug":"procurement-and-consultancies","status":"publish","type":"page","link":"https:\/\/acbf.quatrohaus.com\/fr\/join-us\/procurement-and-consultancies\/","title":{"rendered":"Passation de march\u00e9s et services de consultance"},"content":{"rendered":"","protected":false},"excerpt":{"rendered":"<p>Vous trouverez ci-dessous les opportunit\u00e9s actuelles de contribuer au travail de l'ACBF en tant que consultants pour des projets sp\u00e9cifiques ou en tant que fournisseurs de biens et services sp\u00e9cifiques pour am\u00e9liorer la prestation de services de la Fondation.<\/p>","protected":false},"author":2,"featured_media":2981,"parent":46,"menu_order":0,"comment_status":"closed","ping_status":"closed","template":"","meta":{"_acf_changed":false,"footnotes":""},"class_list":["post-300","page","type-page","status-publish","has-post-thumbnail","hentry"],"acf":[],"_links":{"self":[{"href":"https:\/\/acbf.quatrohaus.com\/fr\/wp-json\/wp\/v2\/pages\/300","targetHints":{"allow":["GET"]}}],"collection":[{"href":"https:\/\/acbf.quatrohaus.com\/fr\/wp-json\/wp\/v2\/pages"}],"about":[{"href":"https:\/\/acbf.quatrohaus.com\/fr\/wp-json\/wp\/v2\/types\/page"}],"author":[{"embeddable":true,"href":"https:\/\/acbf.quatrohaus.com\/fr\/wp-json\/wp\/v2\/users\/2"}],"replies":[{"embeddable":true,"href":"https:\/\/acbf.quatrohaus.com\/fr\/wp-json\/wp\/v2\/comments?post=300"}],"version-history":[{"count":2,"href":"https:\/\/acbf.quatrohaus.com\/fr\/wp-json\/wp\/v2\/pages\/300\/revisions"}],"predecessor-version":[{"id":1565,"href":"https:\/\/acbf.quatrohaus.com\/fr\/wp-json\/wp\/v2\/pages\/300\/revisions\/1565"}],"up":[{"embeddable":true,"href":"https:\/\/acbf.quatrohaus.com\/fr\/wp-json\/wp\/v2\/pages\/46"}],"wp:featuredmedia":[{"embeddable":true,"href":"https:\/\/acbf.quatrohaus.com\/fr\/wp-json\/wp\/v2\/media\/2981"}],"wp:attachment":[{"href":"https:\/\/acbf.quatrohaus.com\/fr\/wp-json\/wp\/v2\/media?parent=300"}],"curies":[{"name":"wp","href":"https:\/\/api.w.org\/{rel}","templated":true}]}}