{"id":354,"date":"2025-07-30T11:50:17","date_gmt":"2025-07-30T09:50:17","guid":{"rendered":"http:\/\/139.84.233.196\/acbf.org\/?page_id=354"},"modified":"2026-04-07T15:13:52","modified_gmt":"2026-04-07T13:13:52","slug":"stories","status":"publish","type":"page","link":"https:\/\/acbf.quatrohaus.com\/fr\/stories\/","title":{"rendered":"STORIES FROM OUR WORK WITHIN THE REGION"},"content":{"rendered":"<div class=\"wp-block-media-text has-media-on-the-right is-stacked-on-mobile is-vertically-aligned-top\"><div class=\"wp-block-media-text__content\">\n<h3 class=\"wp-block-heading border-green-straight\">Formation \u00e0 l\u2019entrepreneuriat : de jeunes professionnels francophones passent \u00e0 l\u2019action<\/h3>\n\n\n\n<p>De jeunes professionnels francophones ayant particip\u00e9 \u00e0 la Clinique de l\u2019esprit d\u2019entreprise en environnement multilat\u00e9ral mettent d\u2019ores et d\u00e9j\u00e0 en pratique les enseignements du programme dans leurs activit\u00e9s professionnelles, ont-ils indiqu\u00e9. Ils \u00e9voquent des approches de leadership renforc\u00e9es, un jugement strat\u00e9gique plus aff\u00fbt\u00e9 et un engagement accru aupr\u00e8s des institutions multilat\u00e9rales africaines.<\/p>\n\n\n\n<div class=\"wp-block-buttons is-layout-flex wp-block-buttons-is-layout-flex\">\n<div class=\"wp-block-button\"><a class=\"wp-block-button__link wp-element-button\" href=\"https:\/\/acbf.quatrohaus.com\/fr\/impact-stories\/entrepreneurship-training-spurs-early-action-among-young-francophone-professionals\/\">En savoir davantage<\/a><\/div>\n<\/div>\n<\/div><figure class=\"wp-block-media-text__media\"><img decoding=\"async\" width=\"767\" height=\"625\" src=\"http:\/\/139.84.241.235\/acbf\/wp-content\/uploads\/2026\/04\/story-768x538-5.jpg\" alt=\"\" class=\"wp-image-2966 size-full\" srcset=\"https:\/\/acbf.quatrohaus.com\/wp-content\/uploads\/2026\/04\/story-768x538-5.jpg 767w, https:\/\/acbf.quatrohaus.com\/wp-content\/uploads\/2026\/04\/story-768x538-5-300x244.jpg 300w, https:\/\/acbf.quatrohaus.com\/wp-content\/uploads\/2026\/04\/story-768x538-5-15x12.jpg 15w\" sizes=\"(max-width: 767px) 100vw, 767px\" \/><\/figure><\/div>\n\n\n\n<div class=\"wp-block-media-text is-stacked-on-mobile wow fadeInUp\"><figure class=\"wp-block-media-text__media\"><img decoding=\"async\" width=\"767\" height=\"625\" src=\"http:\/\/139.84.241.235\/acbf\/wp-content\/uploads\/2026\/04\/story-768x538-3.jpg\" alt=\"\" class=\"wp-image-2967 size-full\" srcset=\"https:\/\/acbf.quatrohaus.com\/wp-content\/uploads\/2026\/04\/story-768x538-3.jpg 767w, https:\/\/acbf.quatrohaus.com\/wp-content\/uploads\/2026\/04\/story-768x538-3-300x244.jpg 300w, https:\/\/acbf.quatrohaus.com\/wp-content\/uploads\/2026\/04\/story-768x538-3-15x12.jpg 15w\" sizes=\"(max-width: 767px) 100vw, 767px\" \/><\/figure><div class=\"wp-block-media-text__content\">\n<h3 class=\"wp-block-heading border-green-straight\">Un programme de financement climatique transformateur stimule les connaissances et l'action dans cinq pays africains<\/h3>\n\n\n\n<p><br>Pendant deux mois, cinq pays africains ont r\u00e9alis\u00e9 des progr\u00e8s d\u00e9cisifs vers la pr\u00e9paration au financement climatique et la transformation verte inclusive du genre gr\u00e2ce aux ateliers de formation du Plan d'action pour la relance verte de l'Union africaine (AU-GRAP).<\/p>\n\n\n\n<div class=\"wp-block-buttons is-layout-flex wp-block-buttons-is-layout-flex\">\n<div class=\"wp-block-button\"><a class=\"wp-block-button__link wp-element-button\" href=\"http:\/\/acbf.quatrohaus.com\/fr\/impact-stories\/transformative-climate-finance-program-boosts-knowledge-and-action-across-five-african-countries\/\">En savoir davantage<\/a><\/div>\n<\/div>\n<\/div><\/div>\n\n\n\n<div class=\"wp-block-media-text has-media-on-the-right is-stacked-on-mobile wow fadeInUp\"><div class=\"wp-block-media-text__content\">\n<h3 class=\"wp-block-heading border-green-straight\">Les think tanks d\u2019Afrique renforcent leurs capacit\u00e9s pour promouvoir la ZLECAf et la transformation structurelle<\/h3>\n\n\n\n<p>Treize think tanks d\u2019Afrique se sont r\u00e9unis \u00e0 Johannesburg, en Afrique du Sud, du 16 au 18 juillet 2025, pour l\u2019atelier de conception \u00ab Renforcement des capacit\u00e9s pour la transformation structurelle (CADAST) \u00bb, qui a apport\u00e9 un appui \u00e0 la recherche en mati\u00e8re de politiques publiques et \u00e0 l\u2019analyse du commerce.<\/p>\n\n\n\n<div class=\"wp-block-buttons is-layout-flex wp-block-buttons-is-layout-flex\">\n<div class=\"wp-block-button\"><a class=\"wp-block-button__link wp-element-button\" href=\"http:\/\/acbf.quatrohaus.com\/fr\/impact-stories\/african-think-tanks-build-capacity-to-advance-afcfta-and-structural-transformation\/\">En savoir davantage<\/a><\/div>\n<\/div>\n<\/div><figure class=\"wp-block-media-text__media\"><img decoding=\"async\" width=\"767\" height=\"625\" src=\"http:\/\/139.84.241.235\/acbf\/wp-content\/uploads\/2026\/04\/Rectangle-35.jpg\" alt=\"\" class=\"wp-image-2968 size-full\" srcset=\"https:\/\/acbf.quatrohaus.com\/wp-content\/uploads\/2026\/04\/Rectangle-35.jpg 767w, https:\/\/acbf.quatrohaus.com\/wp-content\/uploads\/2026\/04\/Rectangle-35-300x244.jpg 300w, https:\/\/acbf.quatrohaus.com\/wp-content\/uploads\/2026\/04\/Rectangle-35-15x12.jpg 15w\" sizes=\"(max-width: 767px) 100vw, 767px\" \/><\/figure><\/div>","protected":false},"excerpt":{"rendered":"<p>L'ACBF a jou\u00e9 un r\u00f4le d\u00e9terminant dans le renforcement des capacit\u00e9s humaines et institutionnelles en Afrique. D\u00e9couvrez quelques t\u00e9moignages relatant nos r\u00e9alisations \u00e0 ce jour dans la r\u00e9gion.<\/p>","protected":false},"author":1,"featured_media":0,"parent":0,"menu_order":0,"comment_status":"closed","ping_status":"closed","template":"","meta":{"_acf_changed":false,"footnotes":""},"class_list":["post-354","page","type-page","status-publish","hentry"],"acf":[],"_links":{"self":[{"href":"https:\/\/acbf.quatrohaus.com\/fr\/wp-json\/wp\/v2\/pages\/354","targetHints":{"allow":["GET"]}}],"collection":[{"href":"https:\/\/acbf.quatrohaus.com\/fr\/wp-json\/wp\/v2\/pages"}],"about":[{"href":"https:\/\/acbf.quatrohaus.com\/fr\/wp-json\/wp\/v2\/types\/page"}],"author":[{"embeddable":true,"href":"https:\/\/acbf.quatrohaus.com\/fr\/wp-json\/wp\/v2\/users\/1"}],"replies":[{"embeddable":true,"href":"https:\/\/acbf.quatrohaus.com\/fr\/wp-json\/wp\/v2\/comments?post=354"}],"version-history":[{"count":48,"href":"https:\/\/acbf.quatrohaus.com\/fr\/wp-json\/wp\/v2\/pages\/354\/revisions"}],"predecessor-version":[{"id":3248,"href":"https:\/\/acbf.quatrohaus.com\/fr\/wp-json\/wp\/v2\/pages\/354\/revisions\/3248"}],"wp:attachment":[{"href":"https:\/\/acbf.quatrohaus.com\/fr\/wp-json\/wp\/v2\/media?parent=354"}],"curies":[{"name":"wp","href":"https:\/\/api.w.org\/{rel}","templated":true}]}}