{"id":358,"date":"2025-07-30T12:19:42","date_gmt":"2025-07-30T10:19:42","guid":{"rendered":"http:\/\/139.84.233.196\/acbf.org\/?page_id=358"},"modified":"2026-04-04T12:31:02","modified_gmt":"2026-04-04T10:31:02","slug":"news-and-insights","status":"publish","type":"page","link":"https:\/\/acbf.quatrohaus.com\/fr\/media\/news-and-insights\/","title":{"rendered":"News and Insights"},"content":{"rendered":"","protected":false},"excerpt":{"rendered":"<p>Restez inform\u00e9 des derni\u00e8res id\u00e9es, mises \u00e0 jour et r\u00e9flexions qui fa\u00e7onnent le renforcement des capacit\u00e9s \u00e0 travers l'Afrique.<\/p>","protected":false},"author":2,"featured_media":1193,"parent":48,"menu_order":0,"comment_status":"closed","ping_status":"closed","template":"","meta":{"_acf_changed":false,"footnotes":""},"class_list":["post-358","page","type-page","status-publish","has-post-thumbnail","hentry"],"acf":[],"_links":{"self":[{"href":"https:\/\/acbf.quatrohaus.com\/fr\/wp-json\/wp\/v2\/pages\/358","targetHints":{"allow":["GET"]}}],"collection":[{"href":"https:\/\/acbf.quatrohaus.com\/fr\/wp-json\/wp\/v2\/pages"}],"about":[{"href":"https:\/\/acbf.quatrohaus.com\/fr\/wp-json\/wp\/v2\/types\/page"}],"author":[{"embeddable":true,"href":"https:\/\/acbf.quatrohaus.com\/fr\/wp-json\/wp\/v2\/users\/2"}],"replies":[{"embeddable":true,"href":"https:\/\/acbf.quatrohaus.com\/fr\/wp-json\/wp\/v2\/comments?post=358"}],"version-history":[{"count":6,"href":"https:\/\/acbf.quatrohaus.com\/fr\/wp-json\/wp\/v2\/pages\/358\/revisions"}],"predecessor-version":[{"id":2984,"href":"https:\/\/acbf.quatrohaus.com\/fr\/wp-json\/wp\/v2\/pages\/358\/revisions\/2984"}],"up":[{"embeddable":true,"href":"https:\/\/acbf.quatrohaus.com\/fr\/wp-json\/wp\/v2\/pages\/48"}],"wp:featuredmedia":[{"embeddable":true,"href":"https:\/\/acbf.quatrohaus.com\/fr\/wp-json\/wp\/v2\/media\/1193"}],"wp:attachment":[{"href":"https:\/\/acbf.quatrohaus.com\/fr\/wp-json\/wp\/v2\/media?parent=358"}],"curies":[{"name":"wp","href":"https:\/\/api.w.org\/{rel}","templated":true}]}}