{"id":401,"date":"2025-08-01T02:52:39","date_gmt":"2025-08-01T00:52:39","guid":{"rendered":"http:\/\/139.84.233.196\/acbf.org\/?page_id=401"},"modified":"2025-08-14T11:04:51","modified_gmt":"2025-08-14T09:04:51","slug":"our-partners","status":"publish","type":"page","link":"https:\/\/acbf.quatrohaus.com\/fr\/our-partners\/","title":{"rendered":"Nos partenaires"},"content":{"rendered":"","protected":false},"excerpt":{"rendered":"<p>D\u00e9couvrez les institutions et les acteurs qui d\u00e9fendent le d\u00e9veloppement durable aux c\u00f4t\u00e9s de l'ACBF.<\/p>","protected":false},"author":2,"featured_media":524,"parent":0,"menu_order":0,"comment_status":"closed","ping_status":"closed","template":"","meta":{"_acf_changed":false,"footnotes":""},"class_list":["post-401","page","type-page","status-publish","has-post-thumbnail","hentry"],"acf":[],"_links":{"self":[{"href":"https:\/\/acbf.quatrohaus.com\/fr\/wp-json\/wp\/v2\/pages\/401","targetHints":{"allow":["GET"]}}],"collection":[{"href":"https:\/\/acbf.quatrohaus.com\/fr\/wp-json\/wp\/v2\/pages"}],"about":[{"href":"https:\/\/acbf.quatrohaus.com\/fr\/wp-json\/wp\/v2\/types\/page"}],"author":[{"embeddable":true,"href":"https:\/\/acbf.quatrohaus.com\/fr\/wp-json\/wp\/v2\/users\/2"}],"replies":[{"embeddable":true,"href":"https:\/\/acbf.quatrohaus.com\/fr\/wp-json\/wp\/v2\/comments?post=401"}],"version-history":[{"count":3,"href":"https:\/\/acbf.quatrohaus.com\/fr\/wp-json\/wp\/v2\/pages\/401\/revisions"}],"predecessor-version":[{"id":1553,"href":"https:\/\/acbf.quatrohaus.com\/fr\/wp-json\/wp\/v2\/pages\/401\/revisions\/1553"}],"wp:featuredmedia":[{"embeddable":true,"href":"https:\/\/acbf.quatrohaus.com\/fr\/wp-json\/wp\/v2\/media\/524"}],"wp:attachment":[{"href":"https:\/\/acbf.quatrohaus.com\/fr\/wp-json\/wp\/v2\/media?parent=401"}],"curies":[{"name":"wp","href":"https:\/\/api.w.org\/{rel}","templated":true}]}}