{"id":414,"date":"2025-08-01T03:33:07","date_gmt":"2025-08-01T01:33:07","guid":{"rendered":"http:\/\/139.84.233.196\/acbf.org\/?page_id=414"},"modified":"2025-08-15T10:28:06","modified_gmt":"2025-08-15T08:28:06","slug":"key-acbf-documents","status":"publish","type":"page","link":"https:\/\/acbf.quatrohaus.com\/fr\/key-acbf-documents\/","title":{"rendered":"Documents cl\u00e9s de l'ACBF"},"content":{"rendered":"","protected":false},"excerpt":{"rendered":"<p>Acc\u00e9dez aux rapports fondateurs, aux strat\u00e9gies et aux publications officielles de l'ACBF qui guident notre mission et notre impact \u00e0 travers l'Afrique.<\/p>","protected":false},"author":2,"featured_media":585,"parent":0,"menu_order":0,"comment_status":"closed","ping_status":"closed","template":"","meta":{"_acf_changed":false,"footnotes":""},"class_list":["post-414","page","type-page","status-publish","has-post-thumbnail","hentry"],"acf":[],"_links":{"self":[{"href":"https:\/\/acbf.quatrohaus.com\/fr\/wp-json\/wp\/v2\/pages\/414","targetHints":{"allow":["GET"]}}],"collection":[{"href":"https:\/\/acbf.quatrohaus.com\/fr\/wp-json\/wp\/v2\/pages"}],"about":[{"href":"https:\/\/acbf.quatrohaus.com\/fr\/wp-json\/wp\/v2\/types\/page"}],"author":[{"embeddable":true,"href":"https:\/\/acbf.quatrohaus.com\/fr\/wp-json\/wp\/v2\/users\/2"}],"replies":[{"embeddable":true,"href":"https:\/\/acbf.quatrohaus.com\/fr\/wp-json\/wp\/v2\/comments?post=414"}],"version-history":[{"count":2,"href":"https:\/\/acbf.quatrohaus.com\/fr\/wp-json\/wp\/v2\/pages\/414\/revisions"}],"predecessor-version":[{"id":1574,"href":"https:\/\/acbf.quatrohaus.com\/fr\/wp-json\/wp\/v2\/pages\/414\/revisions\/1574"}],"wp:featuredmedia":[{"embeddable":true,"href":"https:\/\/acbf.quatrohaus.com\/fr\/wp-json\/wp\/v2\/media\/585"}],"wp:attachment":[{"href":"https:\/\/acbf.quatrohaus.com\/fr\/wp-json\/wp\/v2\/media?parent=414"}],"curies":[{"name":"wp","href":"https:\/\/api.w.org\/{rel}","templated":true}]}}