{"id":439,"date":"2025-08-01T14:24:39","date_gmt":"2025-08-01T12:24:39","guid":{"rendered":"http:\/\/139.84.233.196\/acbf.org\/?page_id=439"},"modified":"2026-04-06T16:16:55","modified_gmt":"2026-04-06T14:16:55","slug":"our-approach","status":"publish","type":"page","link":"https:\/\/acbf.quatrohaus.com\/fr\/our-approach\/","title":{"rendered":"Notre approche"},"content":{"rendered":"","protected":false},"excerpt":{"rendered":"<p>\u00c0 l'ACBF, notre mission visant \u00e0 promouvoir le d\u00e9veloppement durable \u00e0 travers l'Afrique repose sur des principes clairs, strat\u00e9giques et tourn\u00e9s vers l'avenir. Ces valeurs fondamentales fa\u00e7onnent notre approche et garantissent que chaque initiative contribue \u00e0 un changement significatif et durable.<\/p>","protected":false},"author":2,"featured_media":2980,"parent":0,"menu_order":0,"comment_status":"closed","ping_status":"closed","template":"template-our-approach.php","meta":{"_acf_changed":false,"footnotes":""},"class_list":["post-439","page","type-page","status-publish","has-post-thumbnail","hentry"],"acf":[],"_links":{"self":[{"href":"https:\/\/acbf.quatrohaus.com\/fr\/wp-json\/wp\/v2\/pages\/439","targetHints":{"allow":["GET"]}}],"collection":[{"href":"https:\/\/acbf.quatrohaus.com\/fr\/wp-json\/wp\/v2\/pages"}],"about":[{"href":"https:\/\/acbf.quatrohaus.com\/fr\/wp-json\/wp\/v2\/types\/page"}],"author":[{"embeddable":true,"href":"https:\/\/acbf.quatrohaus.com\/fr\/wp-json\/wp\/v2\/users\/2"}],"replies":[{"embeddable":true,"href":"https:\/\/acbf.quatrohaus.com\/fr\/wp-json\/wp\/v2\/comments?post=439"}],"version-history":[{"count":11,"href":"https:\/\/acbf.quatrohaus.com\/fr\/wp-json\/wp\/v2\/pages\/439\/revisions"}],"predecessor-version":[{"id":3174,"href":"https:\/\/acbf.quatrohaus.com\/fr\/wp-json\/wp\/v2\/pages\/439\/revisions\/3174"}],"wp:featuredmedia":[{"embeddable":true,"href":"https:\/\/acbf.quatrohaus.com\/fr\/wp-json\/wp\/v2\/media\/2980"}],"wp:attachment":[{"href":"https:\/\/acbf.quatrohaus.com\/fr\/wp-json\/wp\/v2\/media?parent=439"}],"curies":[{"name":"wp","href":"https:\/\/api.w.org\/{rel}","templated":true}]}}