{"id":50,"date":"2025-07-21T10:39:48","date_gmt":"2025-07-21T10:39:48","guid":{"rendered":"http:\/\/139.84.233.196\/acbf.org\/?page_id=50"},"modified":"2026-04-07T15:54:07","modified_gmt":"2026-04-07T13:54:07","slug":"about-us","status":"publish","type":"page","link":"https:\/\/acbf.quatrohaus.com\/fr\/who-we-are\/about-us\/","title":{"rendered":"\u00c0 propos de nous"},"content":{"rendered":"<p class=\"text-justify\">La Fondation pour le renforcement des capacit\u00e9s en Afrique (ACBF) est la principale institution de renforcement des capacit\u00e9s sur le continent africain. En tant qu'agence sp\u00e9cialis\u00e9e de l'Union africaine, nous favorisons un d\u00e9veloppement humain et institutionnel transformateur en mettant en \u0153uvre efficacement des programmes \u00e0 fort impact \u00e0 travers l'Afrique. De 12 pays fondateurs \u00e0 un r\u00e9seau de 40 \u00c9tats membres, nous mobilisons l\u2019expertise, ressources et partenariats strat\u00e9giques pour renforcer les institutions africaines et promouvoir une croissance durable, conform\u00e9ment \u00e0 l'Agenda 2063 de l'UA et aux Objectifs de d\u00e9veloppement durable (ODD) des Nations Unies pour 2030.<\/p>\n\n\n\n<p class=\"text-justify\">Since 1991, ACBF has trained over 100,000 civil servants many of whom hold key positions in institutions such as Ministries of Finance, Planning, and Economic Development, as well as Central Banks. The Foundation has also established a continent-wide network of more than 50 think tanks, driving evidence-based policymaking and conducting extensive policy research and analysis critical in strengthening economic governance and setting benchmarks that support sustainable&nbsp;development.<\/p>\n\n\n\n<div class=\"wp-block-media-text is-stacked-on-mobile\"><figure class=\"wp-block-media-text__media\"><img decoding=\"async\" width=\"769\" height=\"364\" src=\"http:\/\/139.84.241.235\/acbf\/wp-content\/uploads\/2026\/03\/Rectangle-48.jpg\" alt=\"\" class=\"wp-image-2845 size-full\" srcset=\"https:\/\/acbf.quatrohaus.com\/wp-content\/uploads\/2026\/03\/Rectangle-48.jpg 769w, https:\/\/acbf.quatrohaus.com\/wp-content\/uploads\/2026\/03\/Rectangle-48-300x142.jpg 300w, https:\/\/acbf.quatrohaus.com\/wp-content\/uploads\/2026\/03\/Rectangle-48-18x9.jpg 18w\" sizes=\"(max-width: 769px) 100vw, 769px\" \/><\/figure><div class=\"wp-block-media-text__content\">\n<h3 class=\"wp-block-heading is-style-border-botton-green\">Vision<\/h3>\n\n\n\n<p>Une Afrique prosp\u00e8re, r\u00e9siliente et inclusive<\/p>\n<\/div><\/div>\n\n\n\n<div style=\"height:20px\" aria-hidden=\"true\" class=\"wp-block-spacer\"><\/div>\n\n\n\n<div class=\"wp-block-media-text has-media-on-the-right is-stacked-on-mobile\"><div class=\"wp-block-media-text__content\">\n<h3 class=\"wp-block-heading is-style-border-botton-green\">Mission<\/h3>\n\n\n\n<p>Renforcer le capital humain et les institutions n\u00e9cessaires pour permettre le d\u00e9veloppement inclusif et durable de l\u2019Afrique.<\/p>\n<\/div><figure class=\"wp-block-media-text__media\"><img decoding=\"async\" width=\"752\" height=\"364\" src=\"http:\/\/139.84.241.235\/acbf\/wp-content\/uploads\/2026\/03\/Rectangle-49.jpg\" alt=\"\" class=\"wp-image-2850 size-full\" srcset=\"https:\/\/acbf.quatrohaus.com\/wp-content\/uploads\/2026\/03\/Rectangle-49.jpg 752w, https:\/\/acbf.quatrohaus.com\/wp-content\/uploads\/2026\/03\/Rectangle-49-300x145.jpg 300w, https:\/\/acbf.quatrohaus.com\/wp-content\/uploads\/2026\/03\/Rectangle-49-18x9.jpg 18w\" sizes=\"(max-width: 752px) 100vw, 752px\" \/><\/figure><\/div>\n\n\n\n<div style=\"height:80px\" aria-hidden=\"true\" class=\"wp-block-spacer\"><\/div>\n\n\n\n<div class=\"wp-block-group is-style-full-width-background\"><div class=\"wp-block-group__inner-container is-layout-constrained wp-block-group-is-layout-constrained\">\n<h2 class=\"wp-block-heading is-style-border-botton-green has-text-color has-link-color wp-elements-3e1f6de98d1ee22860545e8fb667e7c8 translation-block\" style=\"color:#ffffff\">Proposition<span class=\"gold\">de valeur<\/span><\/h2>\n\n\n\n<div style=\"height:50px\" aria-hidden=\"true\" class=\"wp-block-spacer\"><\/div>\n\n\n\n<p class=\"has-medium-font-size\">Notre travail s\u2019appuie sur trois piliers fondamentaux :<\/p>\n\n\n\n<div style=\"height:50px\" aria-hidden=\"true\" class=\"wp-block-spacer\"><\/div>\n\n\n\n<div class=\"wp-block-media-text is-stacked-on-mobile\"><figure class=\"wp-block-media-text__media\"><img decoding=\"async\" width=\"764\" height=\"566\" src=\"http:\/\/139.84.241.235\/acbf\/wp-content\/uploads\/2026\/04\/Rectangle-53-1.jpg\" alt=\"\" class=\"wp-image-3045 size-full\" srcset=\"https:\/\/acbf.quatrohaus.com\/wp-content\/uploads\/2026\/04\/Rectangle-53-1.jpg 764w, https:\/\/acbf.quatrohaus.com\/wp-content\/uploads\/2026\/04\/Rectangle-53-1-300x222.jpg 300w, https:\/\/acbf.quatrohaus.com\/wp-content\/uploads\/2026\/04\/Rectangle-53-1-16x12.jpg 16w\" sizes=\"(max-width: 764px) 100vw, 764px\" \/><\/figure><div class=\"wp-block-media-text__content\">\n<div class=\"wp-block-group\"><div class=\"wp-block-group__inner-container is-layout-constrained wp-block-group-is-layout-constrained\">\n<h3 class=\"wp-block-heading is-style-outlined-green\" style=\"font-size:5em\">01<\/h3>\n<\/div><\/div>\n\n\n\n<p style=\"font-size:28px\">Capacit\u00e9 \u00e0 autonomiser les personnes et les institutions<\/p>\n<\/div><\/div>\n\n\n\n<div class=\"wp-block-media-text has-media-on-the-right is-stacked-on-mobile\"><div class=\"wp-block-media-text__content\">\n<h3 class=\"wp-block-heading is-style-outlined-gold\" style=\"font-size:5em\">02<\/h3>\n\n\n\n<p style=\"font-size:28px\">Connexion pour unifier les parties prenantes \u00e0 travers le continent<\/p>\n<\/div><figure class=\"wp-block-media-text__media\"><img decoding=\"async\" width=\"764\" height=\"566\" src=\"http:\/\/139.84.241.235\/acbf\/wp-content\/uploads\/2026\/04\/Rectangle-51-1.jpg\" alt=\"\" class=\"wp-image-3046 size-full\" srcset=\"https:\/\/acbf.quatrohaus.com\/wp-content\/uploads\/2026\/04\/Rectangle-51-1.jpg 764w, https:\/\/acbf.quatrohaus.com\/wp-content\/uploads\/2026\/04\/Rectangle-51-1-300x222.jpg 300w, https:\/\/acbf.quatrohaus.com\/wp-content\/uploads\/2026\/04\/Rectangle-51-1-16x12.jpg 16w\" sizes=\"(max-width: 764px) 100vw, 764px\" \/><\/figure><\/div>\n\n\n\n<div class=\"wp-block-media-text is-stacked-on-mobile\"><figure class=\"wp-block-media-text__media\"><img decoding=\"async\" width=\"764\" height=\"566\" src=\"http:\/\/139.84.241.235\/acbf\/wp-content\/uploads\/2026\/03\/Rectangle-50.jpg\" alt=\"\" class=\"wp-image-2864 size-full\" srcset=\"https:\/\/acbf.quatrohaus.com\/wp-content\/uploads\/2026\/03\/Rectangle-50.jpg 764w, https:\/\/acbf.quatrohaus.com\/wp-content\/uploads\/2026\/03\/Rectangle-50-300x222.jpg 300w, https:\/\/acbf.quatrohaus.com\/wp-content\/uploads\/2026\/03\/Rectangle-50-16x12.jpg 16w\" sizes=\"(max-width: 764px) 100vw, 764px\" \/><\/figure><div class=\"wp-block-media-text__content\">\n<h3 class=\"wp-block-heading is-style-outlined-green\" style=\"font-size:5em\">03<\/h3>\n\n\n\n<p style=\"font-size:28px\">Le changement pour favoriser une transformation inclusive et durable<\/p>\n<\/div><\/div>\n<\/div><\/div>\n\n\n\n<div style=\"height:60px\" aria-hidden=\"true\" class=\"wp-block-spacer\"><\/div>\n\n\n\n<div class=\"wp-block-group\"><div class=\"wp-block-group__inner-container is-layout-constrained wp-block-group-is-layout-constrained\">\n<h3 class=\"wp-block-heading is-style-border-top-green translation-block\" style=\"font-style:normal;font-weight:500\">Ces piliers refl\u00e8tent notre notre<br>approche strat\u00e9gique au moyen des \u00e9l\u00e9ments suivants:<\/h3>\n\n\n\n<div style=\"height:80px\" aria-hidden=\"true\" class=\"wp-block-spacer\"><\/div>\n\n\n\n<div class=\"wp-block-columns is-layout-flex wp-container-core-columns-is-layout-9d6595d7 wp-block-columns-is-layout-flex\">\n<div class=\"wp-block-column is-layout-flow wp-block-column-is-layout-flow\">\n<h4 class=\"wp-block-heading\" style=\"font-size:18px;font-style:normal;font-weight:500\">Construire l'avenir de l'Afrique gr\u00e2ce au renforcement des capacit\u00e9s<\/h4>\n\n\n\n<blockquote class=\"wp-block-quote quote-gold is-layout-flow wp-block-quote-is-layout-flow\">\n<p>L\u2019ACBF renforce les capacit\u00e9s des institutions publiques et priv\u00e9es pour conduire le programme de d\u00e9veloppement de l\u2019Afrique.<\/p>\n<\/blockquote>\n<\/div>\n\n\n\n<div class=\"wp-block-column is-layout-flow wp-block-column-is-layout-flow\">\n<h4 class=\"wp-block-heading\" style=\"font-size:18px;font-style:normal;font-weight:500\">Partenaire de confiance pour les investissements strat\u00e9giques en renforcement des capacit\u00e9s<\/h4>\n\n\n\n<blockquote class=\"wp-block-quote is-style-default quote-green is-layout-flow wp-block-quote-is-layout-flow\">\n<p>En tant qu\u2019agence sp\u00e9cialis\u00e9e de renforcement des capacit\u00e9s de l\u2019Union africaine, l\u2019ACBF aligne les investissements de d\u00e9veloppement sur les objectifs \u00e0 long terme de l\u2019Afrique.<\/p>\n<\/blockquote>\n<\/div>\n<\/div>\n\n\n\n<div class=\"wp-block-columns is-layout-flex wp-container-core-columns-is-layout-9d6595d7 wp-block-columns-is-layout-flex\">\n<div class=\"wp-block-column is-layout-flow wp-block-column-is-layout-flow\">\n<h4 class=\"wp-block-heading\" style=\"font-size:18px;font-style:normal;font-weight:500\">Piloter les politiques et l'innovation gr\u00e2ce \u00e0 des solutions dirig\u00e9es par des Africains<\/h4>\n\n\n\n<blockquote class=\"wp-block-quote quote-blue is-layout-flow wp-block-quote-is-layout-flow\">\n<p>Par le biais de groupes de r\u00e9flexion et de dialogues politiques, l\u2019ACBF fa\u00e7onne le discours et propose des strat\u00e9gies de d\u00e9veloppement fond\u00e9es sur des donn\u00e9es probantes.<\/p>\n<\/blockquote>\n<\/div>\n\n\n\n<div class=\"wp-block-column is-layout-flow wp-block-column-is-layout-flow\">\n<h4 class=\"wp-block-heading\" style=\"font-size:18px;font-style:normal;font-weight:500\">Services complets de renforcement des capacit\u00e9s pour la croissance<\/h4>\n\n\n\n<blockquote class=\"wp-block-quote quote-black is-layout-flow wp-block-quote-is-layout-flow\">\n<p>Du soutien technique \u00e0 la supervision financi\u00e8re, nous proposons des services int\u00e9gr\u00e9s via l'Acad\u00e9mie Ubora, le mod\u00e8le d'acc\u00e9l\u00e9rateur institutionnel, le Capacity Knowledge Hub et les services d'agent fiscal.<\/p>\n<\/blockquote>\n<\/div>\n<\/div>\n<\/div><\/div>","protected":false},"excerpt":{"rendered":"<p>Stimuler le d\u00e9veloppement de l\u2019Afrique par la transformation humaine et institutionnelle<\/p>","protected":false},"author":1,"featured_media":3266,"parent":40,"menu_order":0,"comment_status":"closed","ping_status":"closed","template":"","meta":{"_acf_changed":false,"footnotes":""},"class_list":["post-50","page","type-page","status-publish","has-post-thumbnail","hentry"],"acf":[],"_links":{"self":[{"href":"https:\/\/acbf.quatrohaus.com\/fr\/wp-json\/wp\/v2\/pages\/50","targetHints":{"allow":["GET"]}}],"collection":[{"href":"https:\/\/acbf.quatrohaus.com\/fr\/wp-json\/wp\/v2\/pages"}],"about":[{"href":"https:\/\/acbf.quatrohaus.com\/fr\/wp-json\/wp\/v2\/types\/page"}],"author":[{"embeddable":true,"href":"https:\/\/acbf.quatrohaus.com\/fr\/wp-json\/wp\/v2\/users\/1"}],"replies":[{"embeddable":true,"href":"https:\/\/acbf.quatrohaus.com\/fr\/wp-json\/wp\/v2\/comments?post=50"}],"version-history":[{"count":70,"href":"https:\/\/acbf.quatrohaus.com\/fr\/wp-json\/wp\/v2\/pages\/50\/revisions"}],"predecessor-version":[{"id":3163,"href":"https:\/\/acbf.quatrohaus.com\/fr\/wp-json\/wp\/v2\/pages\/50\/revisions\/3163"}],"up":[{"embeddable":true,"href":"https:\/\/acbf.quatrohaus.com\/fr\/wp-json\/wp\/v2\/pages\/40"}],"wp:featuredmedia":[{"embeddable":true,"href":"https:\/\/acbf.quatrohaus.com\/fr\/wp-json\/wp\/v2\/media\/3266"}],"wp:attachment":[{"href":"https:\/\/acbf.quatrohaus.com\/fr\/wp-json\/wp\/v2\/media?parent=50"}],"curies":[{"name":"wp","href":"https:\/\/api.w.org\/{rel}","templated":true}]}}