{"id":580,"date":"2025-08-03T16:41:23","date_gmt":"2025-08-03T14:41:23","guid":{"rendered":"http:\/\/139.84.233.196\/acbf.org\/?page_id=580"},"modified":"2025-11-03T07:44:02","modified_gmt":"2025-11-03T05:44:02","slug":"support-acbf","status":"publish","type":"page","link":"https:\/\/acbf.quatrohaus.com\/fr\/support-acbf\/","title":{"rendered":"Soutenez l\u2019ACBF"},"content":{"rendered":"<p>Le soutien \u00e0 la Fondation pour le renforcement des capacit\u00e9s en Afrique (ACBF) peut prendre l\u2019une des formes suivantes :<\/p>\n\n\n\n<ul class=\"wp-block-list\">\n<li>Devenir membre du conseil des gouverneurs<\/li>\n\n\n\n<li>Soutenir le plan strat\u00e9gique de l'ACBF<\/li>\n\n\n\n<li>Conclusion d'un contrat de service avec l'ACBF<\/li>\n\n\n\n<li>Contribuer au fonds de dotation de la Fondation<\/li>\n<\/ul>\n\n\n\n<h3 class=\"wp-block-heading\">1. Composition du Conseil des gouverneurs<\/h3>\n\n\n\n<p>Un pays ou une institution peut devenir membre du Conseil des gouverneurs de l\u2019ACBF en souscrivant au mandat de la Fondation et en apportant une contribution financi\u00e8re conform\u00e9ment aux directives suivantes :<\/p>\n\n\n\n<p><strong>African country:<\/strong> a minimum contribution of five hundred thousand (500,000) United States Dollars to each ACBF Strategic Plan.<\/p>\n\n\n\n<p>Pays ou institutions non africains : une contribution minimale d\u2019un million (1 000 000) de dollars am\u00e9ricains \u00e0 chaque plan strat\u00e9gique de l\u2019ACBF.<\/p>\n\n\n\n<p>Pour lire la Constitution de l'ACBF, veuillez cliquer <a href=\"https:\/\/www.acbf-pact.org\/sites\/default\/files\/ACBF_Constitution.pdf\" target=\"_blank\" rel=\"noreferrer noopener\">ici<\/a><\/p>\n\n\n\n<h3 class=\"wp-block-heading\">2. Soutien au plan strat\u00e9gique de l\u2019ACBF<\/h3>\n\n\n\n<p>A country or institution may in whole or in part, support activities within ACBF\u2019s Strategic Plan without necessarily becoming a member of the Board of Governors. No minimum contribution is set in this case.<\/p>\n\n\n\n<h3 class=\"wp-block-heading\">3. Contrat de service pour coordonner la mise en \u0153uvre d'un programme\/projet de d\u00e9veloppement des capacit\u00e9s<\/h3>\n\n\n\n<p>L'ACBF peut mener des activit\u00e9s de renforcement des capacit\u00e9s moyennant r\u00e9mun\u00e9ration. Tout pays ou institution peut confier \u00e0 l'ACBF la r\u00e9alisation, en son nom, d'un projet ou d'un programme de renforcement des capacit\u00e9s en Afrique.<\/p>\n\n\n\n<h3 class=\"wp-block-heading\">4. Contribuer au Fonds de dotation de la Fondation<\/h3>\n\n\n\n<p>Con\u00e7us pour assurer le financement \u00e0 long terme de la Fondation, les fonds du Fonds de dotation de l'ACBF sont destin\u00e9s \u00e0 financer ses activit\u00e9s de renforcement des capacit\u00e9s en Afrique. Toute contribution au Fonds de dotation constitue un investissement dans l'avenir du renforcement des capacit\u00e9s en Afrique et, par cons\u00e9quent, dans le d\u00e9veloppement durable du continent.<\/p>\n\n\n\n<p><a href=\"mailto:comms@acbf-pact.org\"><strong>comms@acbf-pact.org<\/strong><\/a> <\/p>\n\n\n\n<p><a href=\"mailto:root@acbf-pact.org\"><strong> <\/strong><\/a><strong><a href=\"mailto:root@acbf-pact.org\"><strong>mailto:root@acbf-pact.org<\/strong><\/a><\/strong><\/p>\n\n\n\n<p><\/p>","protected":false},"excerpt":{"rendered":"<p>Support to the African Capacity Building Foundation (ACBF) can take any of&#8230;<\/p>","protected":false},"author":4,"featured_media":728,"parent":0,"menu_order":0,"comment_status":"closed","ping_status":"closed","template":"","meta":{"_acf_changed":false,"footnotes":""},"class_list":["post-580","page","type-page","status-publish","has-post-thumbnail","hentry"],"acf":[],"_links":{"self":[{"href":"https:\/\/acbf.quatrohaus.com\/fr\/wp-json\/wp\/v2\/pages\/580","targetHints":{"allow":["GET"]}}],"collection":[{"href":"https:\/\/acbf.quatrohaus.com\/fr\/wp-json\/wp\/v2\/pages"}],"about":[{"href":"https:\/\/acbf.quatrohaus.com\/fr\/wp-json\/wp\/v2\/types\/page"}],"author":[{"embeddable":true,"href":"https:\/\/acbf.quatrohaus.com\/fr\/wp-json\/wp\/v2\/users\/4"}],"replies":[{"embeddable":true,"href":"https:\/\/acbf.quatrohaus.com\/fr\/wp-json\/wp\/v2\/comments?post=580"}],"version-history":[{"count":6,"href":"https:\/\/acbf.quatrohaus.com\/fr\/wp-json\/wp\/v2\/pages\/580\/revisions"}],"predecessor-version":[{"id":1928,"href":"https:\/\/acbf.quatrohaus.com\/fr\/wp-json\/wp\/v2\/pages\/580\/revisions\/1928"}],"wp:featuredmedia":[{"embeddable":true,"href":"https:\/\/acbf.quatrohaus.com\/fr\/wp-json\/wp\/v2\/media\/728"}],"wp:attachment":[{"href":"https:\/\/acbf.quatrohaus.com\/fr\/wp-json\/wp\/v2\/media?parent=580"}],"curies":[{"name":"wp","href":"https:\/\/api.w.org\/{rel}","templated":true}]}}