{"id":618,"date":"2025-08-04T11:43:08","date_gmt":"2025-08-04T09:43:08","guid":{"rendered":"http:\/\/139.84.233.196\/acbf.org\/?page_id=618"},"modified":"2026-04-02T11:28:41","modified_gmt":"2026-04-02T09:28:41","slug":"acbf-network-partner-organisations-registration-form","status":"publish","type":"page","link":"https:\/\/acbf.quatrohaus.com\/fr\/acbf-network-partner-organisations-registration-form\/","title":{"rendered":"Formulaire d'inscription au r\u00e9seau ACBF\u00a0: organisations partenaires"},"content":{"rendered":"<p>Bienvenue ! Nous vous remercions de l'int\u00e9r\u00eat que vous portez aux travaux de la Fondation pour le renforcement des capacit\u00e9s en Afrique (ACBF). L'ACBF souhaite revitaliser le r\u00e9seau des organisations ayant b\u00e9n\u00e9fici\u00e9 de ses programmes de renforcement des capacit\u00e9s en Afrique et rester en contact avec elles. Nous vous remercions du temps que vous consacrerez \u00e0 remplir ce formulaire d'inscription. Les donn\u00e9es collect\u00e9es seront conserv\u00e9es en toute s\u00e9curit\u00e9 par la Fondation pour la communication avec ses anciens b\u00e9n\u00e9ficiaires.<\/p>\n\n\n\n<div style=\"height:40px\" aria-hidden=\"true\" class=\"wp-block-spacer\"><\/div>\n\n\n\n<div class=\"forminator-guttenberg\"><div class=\"forminator-ui forminator-custom-form forminator-custom-form-620 forminator-design--default  forminator_ajax\" data-forminator-render=\"0\" data-form=\"forminator-module-620\" data-uid=\"69d534740f2dc\"><br\/><\/div><form\n\t\t\t\tid=\"forminator-module-620\"\n\t\t\t\tclass=\"forminator-ui forminator-custom-form forminator-custom-form-620 forminator-design--default  forminator_ajax\"\n\t\t\t\tmethod=\"post\"\n\t\t\t\tdata-forminator-render=\"0\"\n\t\t\t\tdata-form-id=\"620\"\n\t\t\t\t data-color-option=\"theme\" data-design=\"default\" data-grid=\"open\" style=\"display: none;\"\n\t\t\t\tdata-uid=\"69d534740f2dc\" action=\"\"\n\t\t\t><div role=\"alert\" aria-live=\"polite\" class=\"forminator-response-message forminator-error\" aria-hidden=\"true\"><\/div><div class=\"forminator-row\"><div id=\"text-1\" class=\"forminator-field-text forminator-col forminator-col-6\"><div class=\"forminator-field\"><input type=\"text\" name=\"text-1\" value=\"\" placeholder=\"Organisation\" id=\"forminator-field-text-1_69d534740f2dc\" class=\"forminator-input forminator-name--field\" data-required=\"\" \/><\/div><\/div><div id=\"text-2\" class=\"forminator-field-text forminator-col forminator-col-6\"><div class=\"forminator-field\"><input type=\"text\" name=\"text-2\" value=\"\" placeholder=\"Responsable de l&#039;organisation\" id=\"forminator-field-text-2_69d534740f2dc\" class=\"forminator-input forminator-name--field\" data-required=\"\" \/><\/div><\/div><\/div><div class=\"forminator-row\"><div id=\"select-1\" class=\"forminator-field-select forminator-col forminator-col-6\"><div class=\"forminator-field\"><select  id=\"forminator-form-620__field--select-1_69d534740f2dc\" class=\"forminator-select--field forminator-select2 forminator-select2-multiple\" data-required=\"\" name=\"select-1\" data-default-value=\"\" data-hidden-behavior=\"zero\" data-placeholder=\"Select Country\" data-search=\"false\" data-search-placeholder=\"Select Country\" data-checkbox=\"false\" data-allow-clear=\"false\" aria-labelledby=\"forminator-form-620__field--select-1_69d534740f2dc-label\"><option value=\"\"  >Responsable de l'organisation<\/option><option value=\"one hundred and ninety-nine\"  data-calculation=\"0\">Afghanistan<\/option><option value=\"one hundred and ninety-eight\"  data-calculation=\"0\">Albania<\/option><option value=\"one hundred and ninety-seven\"  data-calculation=\"0\">Algeria<\/option><option value=\"one hundred and ninety-six\"  data-calculation=\"0\">Andorra<\/option><option value=\"one hundred and ninety-five\"  data-calculation=\"0\">Angola<\/option><option value=\"one hundred and ninety-four\"  data-calculation=\"0\">Antigua and Barbuda<\/option><option value=\"one hundred and ninety-three\"  data-calculation=\"0\">Argentina<\/option><option value=\"one hundred and ninety-two\"  data-calculation=\"0\">Armenia<\/option><option value=\"one hundred and ninety-one\"  data-calculation=\"0\">Australie<\/option><option value=\"one hundred and ninety\"  data-calculation=\"0\">Austria<\/option><option value=\"one hundred and eighty-nine\"  data-calculation=\"0\">Azerbaijan<\/option><option value=\"one hundred and eighty-eight\"  data-calculation=\"0\">Bahamas<\/option><option value=\"one hundred and eighty-seven\"  data-calculation=\"0\">Bahrain<\/option><option value=\"one hundred and eighty-six\"  data-calculation=\"0\">Bangladesh<\/option><option value=\"one hundred and eighty-five\"  data-calculation=\"0\">Barbados<\/option><option value=\"one hundred and eighty-four\"  data-calculation=\"0\">Belarus<\/option><option value=\"one hundred and eighty-three\"  data-calculation=\"0\">Belgium<\/option><option value=\"one hundred and eighty-two\"  data-calculation=\"0\">Belize<\/option><option value=\"one hundred and eighty-one\"  data-calculation=\"0\">B\u00e9nin<\/option><option value=\"one hundred and eighty\"  data-calculation=\"0\">Bhutan<\/option><option value=\"one hundred and seventy-nine\"  data-calculation=\"0\">Bolivia<\/option><option value=\"one hundred and seventy-eight\"  data-calculation=\"0\">Bosnia and Herzegovina<\/option><option value=\"one hundred and seventy-seven\"  data-calculation=\"0\">Botswana<\/option><option value=\"one hundred and seventy-six\"  data-calculation=\"0\">Brazil<\/option><option value=\"one hundred and seventy-five\"  data-calculation=\"0\">Brunei<\/option><option value=\"one hundred and seventy-four\"  data-calculation=\"0\">Bulgaria<\/option><option value=\"one hundred and seventy-three\"  data-calculation=\"0\">Burkina Faso<\/option><option value=\"one hundred and seventy-two\"  data-calculation=\"0\">Burundi<\/option><option value=\"one hundred and seventy-one\"  data-calculation=\"0\">Cambodia<\/option><option value=\"one hundred and seventy\"  data-calculation=\"0\">Cameroun<\/option><option value=\"one hundred and sixty-nine\"  data-calculation=\"0\">Canada<\/option><option value=\"one hundred and sixty-eight\"  data-calculation=\"0\">Cape Verde<\/option><option value=\"one hundred and sixty-seven\"  data-calculation=\"0\">Cayman Islands<\/option><option value=\"one hundred and sixty-six\"  data-calculation=\"0\">R\u00e9publique centrafricaine<\/option><option value=\"one hundred and sixty-five\"  data-calculation=\"0\">Tchad<\/option><option value=\"one hundred and sixty-four\"  data-calculation=\"0\">Chile<\/option><option value=\"one hundred and sixty-three\"  data-calculation=\"0\">China<\/option><option value=\"one hundred and sixty-two\"  data-calculation=\"0\">Colombia<\/option><option value=\"one hundred and sixty-one\"  data-calculation=\"0\">Comores<\/option><option value=\"one hundred and fifty-nine\"  data-calculation=\"0\">Congo, Democratic Republic of the<\/option><option value=\"one hundred and sixty\"  data-calculation=\"0\">Congo, Republic of the<\/option><option value=\"one hundred and fifty-eight\"  data-calculation=\"0\">Cook Islands<\/option><option value=\"one hundred and fifty-seven\"  data-calculation=\"0\">Costa Rica<\/option><option value=\"one hundred and fifty-six\"  data-calculation=\"0\">Cote d'Ivoire<\/option><option value=\"one hundred and fifty-five\"  data-calculation=\"0\">Croatia<\/option><option value=\"one hundred and fifty-four\"  data-calculation=\"0\">Cuba<\/option><option value=\"one hundred and fifty-three\"  data-calculation=\"0\">Cyprus<\/option><option value=\"one hundred and fifty-two\"  data-calculation=\"0\">Czech Republic<\/option><option value=\"one hundred and fifty-one\"  data-calculation=\"0\">Danemark<\/option><option value=\"one hundred and fifty\"  data-calculation=\"0\">Djibouti<\/option><option value=\"one hundred and forty-nine\"  data-calculation=\"0\">Dominica<\/option><option value=\"one hundred and forty-eight\"  data-calculation=\"0\">Dominican Republic<\/option><option value=\"one hundred and forty-seven\"  data-calculation=\"0\">East Timor<\/option><option value=\"one hundred and forty-six\"  data-calculation=\"0\">Ecuador<\/option><option value=\"one hundred and forty-five\"  data-calculation=\"0\">Egypt<\/option><option value=\"one hundred and forty-four\"  data-calculation=\"0\">El Salvador<\/option><option value=\"one hundred and forty-three\"  data-calculation=\"0\">Equatorial Guinea<\/option><option value=\"one hundred and forty-two\"  data-calculation=\"0\">Eritrea<\/option><option value=\"one hundred and forty-one\"  data-calculation=\"0\">Estonia<\/option><option value=\"one hundred and forty\"  data-calculation=\"0\">Ethiopie<\/option><option value=\"one hundred and thirty-nine\"  data-calculation=\"0\">Federated States of Micronesia<\/option><option value=\"one hundred and thirty-eight\"  data-calculation=\"0\">Fiji<\/option><option value=\"one hundred and thirty-seven\"  data-calculation=\"0\">Finlande<\/option><option value=\"one hundred and thirty-six\"  data-calculation=\"0\">France<\/option><option value=\"one hundred and thirty-five\"  data-calculation=\"0\">Gabon<\/option><option value=\"one hundred and thirty-four\"  data-calculation=\"0\">Gambie<\/option><option value=\"one hundred and thirty-three\"  data-calculation=\"0\">Georgia<\/option><option value=\"one hundred and thirty-two\"  data-calculation=\"0\">Germany<\/option><option value=\"one hundred and thirty-one\"  data-calculation=\"0\">Ghana<\/option><option value=\"one hundred and thirty\"  data-calculation=\"0\">Grenada<\/option><option value=\"one hundred and twenty-nine\"  data-calculation=\"0\">Gr\u00e8ce<\/option><option value=\"one hundred and twenty-eight\"  data-calculation=\"0\">Guatemala<\/option><option value=\"one hundred and twenty-seven\"  data-calculation=\"0\">Guin\u00e9e<\/option><option value=\"one hundred and twenty-six\"  data-calculation=\"0\">Guinea-Bissau<\/option><option value=\"one hundred and twenty-five\"  data-calculation=\"0\">Guyana<\/option><option value=\"one hundred and twenty-four\"  data-calculation=\"0\">Haiti<\/option><option value=\"one hundred and twenty-three\"  data-calculation=\"0\">Holy See (Vatican City)<\/option><option value=\"one hundred and twenty-two\"  data-calculation=\"0\">Honduras<\/option><option value=\"one hundred and twenty-one\"  data-calculation=\"0\">Hungary<\/option><option value=\"one hundred and twenty\"  data-calculation=\"0\">Iceland<\/option><option value=\"one hundred and nineteen\"  data-calculation=\"0\">Inde<\/option><option value=\"one hundred and eighteen\"  data-calculation=\"0\">Indonesia<\/option><option value=\"one hundred and seventeen\"  data-calculation=\"0\">Iran<\/option><option value=\"one hundred and sixteen\"  data-calculation=\"0\">Iraq<\/option><option value=\"one hundred and fifteen\"  data-calculation=\"0\">Irlande<\/option><option value=\"one hundred and fourteen\"  data-calculation=\"0\">Israel<\/option><option value=\"one hundred and thirteen\"  data-calculation=\"0\">Italy<\/option><option value=\"one hundred and twelve\"  data-calculation=\"0\">Jamaica<\/option><option value=\"one hundred and eleven\"  data-calculation=\"0\">Japan<\/option><option value=\"one hundred and ten\"  data-calculation=\"0\">Jordan<\/option><option value=\"one hundred and nine\"  data-calculation=\"0\">Kazakhstan<\/option><option value=\"one hundred and eight\"  data-calculation=\"0\">Kenya<\/option><option value=\"one hundred and seven\"  data-calculation=\"0\">Kiribati<\/option><option value=\"one hundred and six\"  data-calculation=\"0\">Kosovo<\/option><option value=\"one hundred and five\"  data-calculation=\"0\">Kuwait<\/option><option value=\"one hundred and four\"  data-calculation=\"0\">Kyrgyzstan<\/option><option value=\"one hundred and three\"  data-calculation=\"0\">Laos<\/option><option value=\"one hundred and two\"  data-calculation=\"0\">Latvia<\/option><option value=\"one hundred and one\"  data-calculation=\"0\">Lebanon<\/option><option value=\"one hundred\"  data-calculation=\"0\">Lesotho<\/option><option value=\"ninety-nine\"  data-calculation=\"0\">Lib\u00e9ria<\/option><option value=\"ninety-eight\"  data-calculation=\"0\">Libya<\/option><option value=\"ninety-seven\"  data-calculation=\"0\">Liechtenstein<\/option><option value=\"ninety-six\"  data-calculation=\"0\">Lithuania<\/option><option value=\"ninety-five\"  data-calculation=\"0\">Luxembourg<\/option><option value=\"ninety-four\"  data-calculation=\"0\">Macedonia<\/option><option value=\"ninety-three\"  data-calculation=\"0\">Madagascar<\/option><option value=\"ninety-two\"  data-calculation=\"0\">Malawi<\/option><option value=\"ninety-one\"  data-calculation=\"0\">Malaysia<\/option><option value=\"ninety\"  data-calculation=\"0\">Maldives<\/option><option value=\"eighty-nine\"  data-calculation=\"0\">Mali<\/option><option value=\"eighty-eight\"  data-calculation=\"0\">Malta<\/option><option value=\"eighty-seven\"  data-calculation=\"0\">Marshall Islands<\/option><option value=\"eighty-six\"  data-calculation=\"0\">Mauritanie<\/option><option value=\"eighty-five\"  data-calculation=\"0\">Maurice<\/option><option value=\"eighty-four\"  data-calculation=\"0\">Mexico<\/option><option value=\"eighty-three\"  data-calculation=\"0\">Monaco<\/option><option value=\"eighty-two\"  data-calculation=\"0\">Moldova<\/option><option value=\"eighty-one\"  data-calculation=\"0\">Mongolia<\/option><option value=\"eighty\"  data-calculation=\"0\">Montenegro<\/option><option value=\"seventy-nine\"  data-calculation=\"0\">Morocco<\/option><option value=\"seventy-eight\"  data-calculation=\"0\">Mozambique<\/option><option value=\"seventy-seven\"  data-calculation=\"0\">Myanmar<\/option><option value=\"seventy-six\"  data-calculation=\"0\">Namibie<\/option><option value=\"seventy-five\"  data-calculation=\"0\">Nauru<\/option><option value=\"seventy-four\"  data-calculation=\"0\">Nepal<\/option><option value=\"seventy-three\"  data-calculation=\"0\">Pays-Bas<\/option><option value=\"seventy-two\"  data-calculation=\"0\">New Zealand<\/option><option value=\"seventy-one\"  data-calculation=\"0\">Nicaragua<\/option><option value=\"seventy\"  data-calculation=\"0\">Niger<\/option><option value=\"seventy-one\"  data-calculation=\"0\">Nig\u00e9ria<\/option><option value=\"seventy-two\"  data-calculation=\"0\">North Korea<\/option><option value=\"seventy-three\"  data-calculation=\"0\">Norv\u00e8ge<\/option><option value=\"seventy-four\"  data-calculation=\"0\">Oman<\/option><option value=\"seventy-five\"  data-calculation=\"0\">Pakistan<\/option><option value=\"seventy-six\"  data-calculation=\"0\">Palau<\/option><option value=\"seventy-seven\"  data-calculation=\"0\">Panama<\/option><option value=\"seventy-eight\"  data-calculation=\"0\">Papua New Guinea<\/option><option value=\"seventy-nine\"  data-calculation=\"0\">Paraguay<\/option><option value=\"eighty\"  data-calculation=\"0\">Peru<\/option><option value=\"eighty-one\"  data-calculation=\"0\">Philippines<\/option><option value=\"eighty-two\"  data-calculation=\"0\">Poland<\/option><option value=\"eighty-three\"  data-calculation=\"0\">Portugal<\/option><option value=\"eighty-four\"  data-calculation=\"0\">Qatar<\/option><option value=\"eighty-five\"  data-calculation=\"0\">Romania<\/option><option value=\"eighty-six\"  data-calculation=\"0\">Russia<\/option><option value=\"eighty-seven\"  data-calculation=\"0\">Rwanda<\/option><option value=\"eighty-eight\"  data-calculation=\"0\">Saint Kitts and Nevis<\/option><option value=\"eighty-nine\"  data-calculation=\"0\">Saint Lucia<\/option><option value=\"ninety\"  data-calculation=\"0\">Saint Vincent and the Grenadines<\/option><option value=\"ninety-one\"  data-calculation=\"0\">Samoa<\/option><option value=\"ninety-two\"  data-calculation=\"0\">San Marino<\/option><option value=\"ninety-three\"  data-calculation=\"0\">Sao Tome and Principe<\/option><option value=\"ninety-four\"  data-calculation=\"0\">Saudi Arabia<\/option><option value=\"ninety-five\"  data-calculation=\"0\">S\u00e9n\u00e9gal<\/option><option value=\"ninety-six\"  data-calculation=\"0\">Serbia<\/option><option value=\"ninety-seven\"  data-calculation=\"0\">Seychelles<\/option><option value=\"ninety-eight\"  data-calculation=\"0\">Sierra Leone<\/option><option value=\"ninety-nine\"  data-calculation=\"0\">Singapore<\/option><option value=\"one hundred\"  data-calculation=\"0\">Slovakia<\/option><option value=\"one hundred and one\"  data-calculation=\"0\">Slovenia<\/option><option value=\"one hundred and two\"  data-calculation=\"0\">Solomon Islands<\/option><option value=\"one hundred and three\"  data-calculation=\"0\">Somalia<\/option><option value=\"one hundred and four\"  data-calculation=\"0\">South Africa<\/option><option value=\"one hundred and five\"  data-calculation=\"0\">South Korea<\/option><option value=\"one hundred and six\"  data-calculation=\"0\">South Sudan<\/option><option value=\"one hundred and seven\"  data-calculation=\"0\">Spain<\/option><option value=\"one hundred and eight\"  data-calculation=\"0\">Sri Lanka<\/option><option value=\"one hundred and nine\"  data-calculation=\"0\">Soudan<\/option><option value=\"one hundred and ten\"  data-calculation=\"0\">Suriname<\/option><option value=\"one hundred and eleven\"  data-calculation=\"0\">Royaume d\u2019Eswatini<\/option><option value=\"one hundred and twelve\"  data-calculation=\"0\">Su\u00e8de<\/option><option value=\"one hundred and thirteen\"  data-calculation=\"0\">Switzerland<\/option><option value=\"one hundred and fourteen\"  data-calculation=\"0\">Syria<\/option><option value=\"one hundred and fifteen\"  data-calculation=\"0\">Taiwan<\/option><option value=\"one hundred and sixteen\"  data-calculation=\"0\">Tajikistan<\/option><option value=\"one hundred and seventeen\"  data-calculation=\"0\">Tanzanie<\/option><option value=\"one hundred and eighteen\"  data-calculation=\"0\">Thailand<\/option><option value=\"one hundred and nineteen\"  data-calculation=\"0\">Timor-Leste<\/option><option value=\"one hundred and twenty\"  data-calculation=\"0\">Togo<\/option><option value=\"one hundred and twenty-one\"  data-calculation=\"0\">Tonga<\/option><option value=\"one hundred and twenty-two\"  data-calculation=\"0\">Trinidad and Tobago<\/option><option value=\"one hundred and twenty-three\"  data-calculation=\"0\">Tunisia<\/option><option value=\"one hundred and twenty-four\"  data-calculation=\"0\">Turkey<\/option><option value=\"one hundred and twenty-five\"  data-calculation=\"0\">Turkmenistan<\/option><option value=\"one hundred and twenty-six\"  data-calculation=\"0\">Tuvalu<\/option><option value=\"one hundred and twenty-seven\"  data-calculation=\"0\">Ouganda<\/option><option value=\"one hundred and twenty-eight\"  data-calculation=\"0\">Ukraine<\/option><option value=\"one hundred and twenty-nine\"  data-calculation=\"0\">United Arab Emirates<\/option><option value=\"one hundred and thirty\"  data-calculation=\"0\">Royaume-Uni<\/option><option value=\"one hundred and thirty-one\"  data-calculation=\"0\">\u00c9tats-Unis d\u2019Am\u00e9rique<\/option><option value=\"one hundred and thirty-two\"  data-calculation=\"0\">Uruguay<\/option><option value=\"one hundred and thirty-three\"  data-calculation=\"0\">Uzbekistan<\/option><option value=\"one hundred and thirty-four\"  data-calculation=\"0\">Vanuatu<\/option><option value=\"one hundred and thirty-five\"  data-calculation=\"0\">Venezuela<\/option><option value=\"one hundred and thirty-six\"  data-calculation=\"0\">Vietnam<\/option><option value=\"one hundred and thirty-seven\"  data-calculation=\"0\">Yemen<\/option><option value=\"one hundred and thirty-eight\"  data-calculation=\"0\">Zambie<\/option><option value=\"one hundred and thirty-nine\"  data-calculation=\"0\">Zimbabwe<\/option><\/select><\/div><\/div><div id=\"text-3\" class=\"forminator-field-text forminator-col forminator-col-6\"><div class=\"forminator-field\"><input type=\"text\" name=\"text-3\" value=\"\" placeholder=\"Type d&#039;organisation\" id=\"forminator-field-text-3_69d534740f2dc\" class=\"forminator-input forminator-name--field\" data-required=\"\" \/><\/div><\/div><\/div><div class=\"forminator-row\"><div id=\"text-4\" class=\"forminator-field-text forminator-col forminator-col-6\"><div class=\"forminator-field\"><input type=\"text\" name=\"text-4\" value=\"\" placeholder=\"Ville\" id=\"forminator-field-text-4_69d534740f2dc\" class=\"forminator-input forminator-name--field\" data-required=\"\" \/><\/div><\/div><div id=\"text-5\" class=\"forminator-field-text forminator-col forminator-col-6\"><div class=\"forminator-field\"><input type=\"text\" name=\"text-5\" value=\"\" placeholder=\"Adresse physique\" id=\"forminator-field-text-5_69d534740f2dc\" class=\"forminator-input forminator-name--field\" data-required=\"\" \/><\/div><\/div><\/div><div class=\"forminator-row\"><div id=\"email-1\" class=\"forminator-field-email forminator-col forminator-col-6\"><div class=\"forminator-field\"><input type=\"email\" name=\"email-1\" value=\"\" placeholder=\"E-mail\" id=\"forminator-field-email-1_69d534740f2dc\" class=\"forminator-input forminator-email--field\" data-required=\"\" aria-required=\"false\" autocomplete=\"email\" \/><\/div><\/div><div id=\"text-6\" class=\"forminator-field-text forminator-col forminator-col-6\"><div class=\"forminator-field\"><input type=\"text\" name=\"text-6\" value=\"\" placeholder=\"Lien vers le site Web\" id=\"forminator-field-text-6_69d534740f2dc\" class=\"forminator-input forminator-name--field\" data-required=\"\" \/><\/div><\/div><\/div><div class=\"forminator-row\"><div id=\"text-7\" class=\"forminator-field-text forminator-col forminator-col-6\"><div class=\"forminator-field\"><input type=\"text\" name=\"text-7\" value=\"\" placeholder=\"Des ann\u00e9es d&#039;engagement avec l&#039;ACBF\" id=\"forminator-field-text-7_69d534740f2dc\" class=\"forminator-input forminator-name--field\" data-required=\"\" \/><\/div><\/div><div id=\"text-8\" class=\"forminator-field-text forminator-col forminator-col-6\"><div class=\"forminator-field\"><input type=\"text\" name=\"text-8\" value=\"\" placeholder=\"Description du projet\" id=\"forminator-field-text-8_69d534740f2dc\" class=\"forminator-input forminator-name--field\" data-required=\"\" \/><\/div><\/div><\/div><div class=\"forminator-row\"><div id=\"text-9\" class=\"forminator-field-text forminator-col forminator-col-12\"><div class=\"forminator-field\"><input type=\"text\" name=\"text-9\" value=\"\" placeholder=\"Commentaires\" id=\"forminator-field-text-9_69d534740f2dc\" class=\"forminator-input forminator-name--field\" data-required=\"\" \/><\/div><\/div><\/div><input type=\"hidden\" name=\"referer_url\" value=\"\" \/><div class=\"forminator-row forminator-row-last\"><div class=\"forminator-col\"><div class=\"forminator-field\"><button class=\"forminator-button forminator-button-submit\">S\u2019inscrire<\/button><\/div><\/div><\/div><input type=\"hidden\" id=\"forminator_nonce\" name=\"forminator_nonce\" value=\"427ea3784a\" \/><input type=\"hidden\" name=\"_wp_http_referer\" value=\"\/fr\/wp-json\/wp\/v2\/pages\/618\" \/><input type=\"hidden\" name=\"form_id\" value=\"620\"><input type=\"hidden\" name=\"page_id\" value=\"618\"><input type=\"hidden\" name=\"form_type\" value=\"default\"><input type=\"hidden\" name=\"current_url\" value=\"https:\/\/acbf.quatrohaus.com\/fr\/acbf-network-partner-organisations-registration-form\/\"><input type=\"hidden\" name=\"render_id\" value=\"0\"><input type=\"hidden\" name=\"action\" value=\"forminator_submit_form_custom-forms\"><label for=\"input_12\" class=\"forminator-hidden\" aria-hidden=\"true\">Veuillez ne pas remplir ce champ. <input id=\"input_12\" type=\"text\" name=\"input_12\" value=\"\" autocomplete=\"off\"><\/label><input type=\"hidden\" name=\"trp-form-language\" value=\"fr\"\/><\/form><\/div>","protected":false},"excerpt":{"rendered":"<p>Welcome! Thank you for your interest in the work of the African&#8230;<\/p>","protected":false},"author":4,"featured_media":0,"parent":0,"menu_order":0,"comment_status":"closed","ping_status":"closed","template":"","meta":{"_acf_changed":false,"footnotes":""},"class_list":["post-618","page","type-page","status-publish","hentry"],"acf":[],"_links":{"self":[{"href":"https:\/\/acbf.quatrohaus.com\/fr\/wp-json\/wp\/v2\/pages\/618","targetHints":{"allow":["GET"]}}],"collection":[{"href":"https:\/\/acbf.quatrohaus.com\/fr\/wp-json\/wp\/v2\/pages"}],"about":[{"href":"https:\/\/acbf.quatrohaus.com\/fr\/wp-json\/wp\/v2\/types\/page"}],"author":[{"embeddable":true,"href":"https:\/\/acbf.quatrohaus.com\/fr\/wp-json\/wp\/v2\/users\/4"}],"replies":[{"embeddable":true,"href":"https:\/\/acbf.quatrohaus.com\/fr\/wp-json\/wp\/v2\/comments?post=618"}],"version-history":[{"count":3,"href":"https:\/\/acbf.quatrohaus.com\/fr\/wp-json\/wp\/v2\/pages\/618\/revisions"}],"predecessor-version":[{"id":2915,"href":"https:\/\/acbf.quatrohaus.com\/fr\/wp-json\/wp\/v2\/pages\/618\/revisions\/2915"}],"wp:attachment":[{"href":"https:\/\/acbf.quatrohaus.com\/fr\/wp-json\/wp\/v2\/media?parent=618"}],"curies":[{"name":"wp","href":"https:\/\/api.w.org\/{rel}","templated":true}]}}