{"id":655,"date":"2025-08-04T14:13:38","date_gmt":"2025-08-04T12:13:38","guid":{"rendered":"http:\/\/139.84.233.196\/acbf.org\/?page_id=655"},"modified":"2026-04-03T17:16:37","modified_gmt":"2026-04-03T15:16:37","slug":"video-gallery","status":"publish","type":"page","link":"https:\/\/acbf.quatrohaus.com\/fr\/media\/video-gallery\/","title":{"rendered":"Galerie vid\u00e9o"},"content":{"rendered":"","protected":false},"excerpt":{"rendered":"<p>Explorez notre galerie vid\u00e9o dynamique pour rester inform\u00e9 des temps forts de nos conf\u00e9rences, \u00e9v\u00e9nements et formations. Plongez-y et d\u00e9couvrez comment nous fa\u00e7onnons l'avenir de l'Afrique, une histoire \u00e0 la fois.<\/p>","protected":false},"author":2,"featured_media":2986,"parent":48,"menu_order":0,"comment_status":"closed","ping_status":"closed","template":"","meta":{"_acf_changed":false,"footnotes":""},"class_list":["post-655","page","type-page","status-publish","has-post-thumbnail","hentry"],"acf":[],"_links":{"self":[{"href":"https:\/\/acbf.quatrohaus.com\/fr\/wp-json\/wp\/v2\/pages\/655","targetHints":{"allow":["GET"]}}],"collection":[{"href":"https:\/\/acbf.quatrohaus.com\/fr\/wp-json\/wp\/v2\/pages"}],"about":[{"href":"https:\/\/acbf.quatrohaus.com\/fr\/wp-json\/wp\/v2\/types\/page"}],"author":[{"embeddable":true,"href":"https:\/\/acbf.quatrohaus.com\/fr\/wp-json\/wp\/v2\/users\/2"}],"replies":[{"embeddable":true,"href":"https:\/\/acbf.quatrohaus.com\/fr\/wp-json\/wp\/v2\/comments?post=655"}],"version-history":[{"count":2,"href":"https:\/\/acbf.quatrohaus.com\/fr\/wp-json\/wp\/v2\/pages\/655\/revisions"}],"predecessor-version":[{"id":1566,"href":"https:\/\/acbf.quatrohaus.com\/fr\/wp-json\/wp\/v2\/pages\/655\/revisions\/1566"}],"up":[{"embeddable":true,"href":"https:\/\/acbf.quatrohaus.com\/fr\/wp-json\/wp\/v2\/pages\/48"}],"wp:featuredmedia":[{"embeddable":true,"href":"https:\/\/acbf.quatrohaus.com\/fr\/wp-json\/wp\/v2\/media\/2986"}],"wp:attachment":[{"href":"https:\/\/acbf.quatrohaus.com\/fr\/wp-json\/wp\/v2\/media?parent=655"}],"curies":[{"name":"wp","href":"https:\/\/api.w.org\/{rel}","templated":true}]}}